{"id":965,"date":"2021-05-22T17:52:29","date_gmt":"2021-05-22T15:52:29","guid":{"rendered":"https:\/\/www.ifz-international.de\/?page_id=965"},"modified":"2021-05-23T14:05:38","modified_gmt":"2021-05-23T12:05:38","slug":"institut-fuer-zeitgenossenschaft-ifz-10-jahre-die-100-wichtigsten-dinge-100-revisionen","status":"publish","type":"page","link":"https:\/\/www.ifz-international.de\/?page_id=965","title":{"rendered":"Institut f\u00fcr Zeitgenossenschaft IFZ: 10 Jahre | Die 100 wichtigsten Dinge | 100 Revisionen"},"content":{"rendered":"\n<figure class=\"wp-block-image size-large\"><img loading=\"lazy\" decoding=\"async\" width=\"800\" height=\"800\" src=\"https:\/\/www.ifz-international.de\/wp-content\/uploads\/2021\/05\/cover_10-Jahre-Die-100-wichtigsten-Dinge-100-Revisionen.jpg\" alt=\"\" class=\"wp-image-866\" srcset=\"https:\/\/www.ifz-international.de\/wp-content\/uploads\/2021\/05\/cover_10-Jahre-Die-100-wichtigsten-Dinge-100-Revisionen.jpg 800w, https:\/\/www.ifz-international.de\/wp-content\/uploads\/2021\/05\/cover_10-Jahre-Die-100-wichtigsten-Dinge-100-Revisionen-300x300.jpg 300w, https:\/\/www.ifz-international.de\/wp-content\/uploads\/2021\/05\/cover_10-Jahre-Die-100-wichtigsten-Dinge-100-Revisionen-150x150.jpg 150w, https:\/\/www.ifz-international.de\/wp-content\/uploads\/2021\/05\/cover_10-Jahre-Die-100-wichtigsten-Dinge-100-Revisionen-768x768.jpg 768w\" sizes=\"(max-width: 800px) 100vw, 800px\" \/><\/figure>\n\n\n\n<p><span style=\"color:#ffffff\" class=\"has-inline-color\">\u2026\u2026\u2026\u2026\u2026\u2026\u2026\u2026\u2026\u2026<\/span><\/p>\n\n\n\n<p class=\"has-drop-cap\">Vor 10 Jahren erschien ein bahnbrechendes Buch, welches die Wissenschaft nachhaltig ver\u00e4ndern sollte: Die 100 wichtigsten Dinge. Das Werk, das zun\u00e4chst bescheiden als ein grundlegendes Kompendium der zeitgenossenschaftlichen Forschung gedacht war, schaffte es, sich innerhalb weniger Jahre von einer gelegentlich erw\u00e4hnten Fu\u00dfnote zu einem vielzitierten und ber\u00fcchtigten Standardwerk zu entwickeln. Die zeitgenossenschaftliche Dingforschung entfaltete eine Strahlkraft in teils weit entfernte Disziplinen und Fachrichtungen. Aus vielen Handapparaten zahlreicher kultur- wie auch naturwissenschaftlicher Fakult\u00e4ten sind die einstigen Errungenschaften des Instituts f\u00fcr Zeitgenossenschaft, IFZ heute nicht mehr wegzudenken.<\/p>\n\n\n\n<p>Zum 10-j\u00e4hrigen Jubil\u00e4um wird mit einer nicht weniger wegweisenden Publikation die sogenannte \u203aZeitgenossenschaftliche Wende\u2039 (<em>contemporary turn<\/em>) in 100 Essays bekannter Zeitgenossenschaftler wie weiterer wichtiger Wissenschaftler und Denker nachgezeichnet.<\/p>\n\n\n\n<p>Was waren <em>Die 100 wichtigsten Dinge<\/em> \u2013 und was ist aus ihnen geworden? Mittlerweile wei\u00df man mehr!<\/p>\n\n\n\n<p>Eine Kooperation des Hatje Cantz Verlags und des <em>Im Erscheinen Verlags<\/em>.<\/p>\n\n\n\n<p>Im Erscheinen 2026.<\/p>\n","protected":false},"excerpt":{"rendered":"<p>\u2026\u2026\u2026\u2026\u2026\u2026\u2026\u2026\u2026\u2026 Vor 10 Jahren erschien ein bahnbrechendes Buch, welches die Wissenschaft nachhaltig ver\u00e4ndern sollte: Die 100 wichtigsten Dinge. Das Werk, das zun\u00e4chst bescheiden als ein grundlegendes Kompendium der zeitgenossenschaftlichen Forschung gedacht war, schaffte es, sich innerhalb weniger Jahre von einer gelegentlich erw\u00e4hnten Fu\u00dfnote zu einem vielzitierten und ber\u00fcchtigten Standardwerk zu entwickeln. Die zeitgenossenschaftliche Dingforschung entfaltete [&hellip;]<\/p>\n","protected":false},"author":1,"featured_media":0,"parent":0,"menu_order":0,"comment_status":"closed","ping_status":"closed","template":"","meta":{"footnotes":""},"class_list":["post-965","page","type-page","status-publish","hentry"],"_links":{"self":[{"href":"https:\/\/www.ifz-international.de\/index.php?rest_route=\/wp\/v2\/pages\/965"}],"collection":[{"href":"https:\/\/www.ifz-international.de\/index.php?rest_route=\/wp\/v2\/pages"}],"about":[{"href":"https:\/\/www.ifz-international.de\/index.php?rest_route=\/wp\/v2\/types\/page"}],"author":[{"embeddable":true,"href":"https:\/\/www.ifz-international.de\/index.php?rest_route=\/wp\/v2\/users\/1"}],"replies":[{"embeddable":true,"href":"https:\/\/www.ifz-international.de\/index.php?rest_route=%2Fwp%2Fv2%2Fcomments&post=965"}],"version-history":[{"count":2,"href":"https:\/\/www.ifz-international.de\/index.php?rest_route=\/wp\/v2\/pages\/965\/revisions"}],"predecessor-version":[{"id":1050,"href":"https:\/\/www.ifz-international.de\/index.php?rest_route=\/wp\/v2\/pages\/965\/revisions\/1050"}],"wp:attachment":[{"href":"https:\/\/www.ifz-international.de\/index.php?rest_route=%2Fwp%2Fv2%2Fmedia&parent=965"}],"curies":[{"name":"wp","href":"https:\/\/api.w.org\/{rel}","templated":true}]}}