{"id":960,"date":"2021-05-22T17:49:30","date_gmt":"2021-05-22T15:49:30","guid":{"rendered":"https:\/\/www.ifz-international.de\/?page_id=960"},"modified":"2021-05-23T14:04:53","modified_gmt":"2021-05-23T12:04:53","slug":"martin-martin-schlesinger-kalligraphie-und-kalifat","status":"publish","type":"page","link":"https:\/\/www.ifz-international.de\/?page_id=960","title":{"rendered":"Martin Martin Schlesinger: Kalligraphie und Kalifat"},"content":{"rendered":"\n<figure class=\"wp-block-image size-large\"><img loading=\"lazy\" decoding=\"async\" width=\"800\" height=\"800\" src=\"https:\/\/www.ifz-international.de\/wp-content\/uploads\/2021\/05\/Kalligraphie-und-Kalifat-IE.jpg\" alt=\"\" class=\"wp-image-883\" srcset=\"https:\/\/www.ifz-international.de\/wp-content\/uploads\/2021\/05\/Kalligraphie-und-Kalifat-IE.jpg 800w, https:\/\/www.ifz-international.de\/wp-content\/uploads\/2021\/05\/Kalligraphie-und-Kalifat-IE-300x300.jpg 300w, https:\/\/www.ifz-international.de\/wp-content\/uploads\/2021\/05\/Kalligraphie-und-Kalifat-IE-150x150.jpg 150w, https:\/\/www.ifz-international.de\/wp-content\/uploads\/2021\/05\/Kalligraphie-und-Kalifat-IE-768x768.jpg 768w\" sizes=\"(max-width: 800px) 100vw, 800px\" \/><\/figure>\n\n\n\n<p><span style=\"color:#ffffff\" class=\"has-inline-color\">\u2026\u2026\u2026\u2026\u2026\u2026\u2026\u2026\u2026\u2026<\/span><\/p>\n\n\n\n<p>In diesem Buch erarbeitet Martin Martin Schlesinger eine Theorie der Brutalit\u00e4t des Zeichens und des schriftlichen Schreckens, die eine Reihe tradierter Vorstellungen und Begriffe neu verortet. Im Anschluss an Arbeiten Jacques Derridas und Hannah Arendts wird der Frage nachgegangen, inwieweit ein Zusammenhang zwischen Aufschreibesystemen, Kalligraphien oder Typographien und einer strukturellen Gewalt besteht. Natur, Kultur, Terror: anhand von Beispielen der arabischen Philosophie folgt das Buch einer These Averro\u00ebs, der behauptete, dass die Schrift des Morgenlandes, da sie zu sehr auf \u00c4hnlichkeiten basiert, zu Grausamkeit f\u00fchren muss. Eine Banalit\u00e4t der aggressiven Schriftlichkeit kann aber auch im Nationalsozialismus entdeckt werden, wenn serifenlose Todesurteile \u00fcberwiegend in der Schriftart Futura \u2013 die Lieblingsschrift des F\u00fchrers \u2013 verfasst werden.<\/p>\n\n\n\n<p>Im Erscheinen 2022.<\/p>\n","protected":false},"excerpt":{"rendered":"<p>\u2026\u2026\u2026\u2026\u2026\u2026\u2026\u2026\u2026\u2026 In diesem Buch erarbeitet Martin Martin Schlesinger eine Theorie der Brutalit\u00e4t des Zeichens und des schriftlichen Schreckens, die eine Reihe tradierter Vorstellungen und Begriffe neu verortet. Im Anschluss an Arbeiten Jacques Derridas und Hannah Arendts wird der Frage nachgegangen, inwieweit ein Zusammenhang zwischen Aufschreibesystemen, Kalligraphien oder Typographien und einer strukturellen Gewalt besteht. Natur, Kultur, [&hellip;]<\/p>\n","protected":false},"author":1,"featured_media":0,"parent":0,"menu_order":0,"comment_status":"closed","ping_status":"closed","template":"","meta":{"footnotes":""},"class_list":["post-960","page","type-page","status-publish","hentry"],"_links":{"self":[{"href":"https:\/\/www.ifz-international.de\/index.php?rest_route=\/wp\/v2\/pages\/960"}],"collection":[{"href":"https:\/\/www.ifz-international.de\/index.php?rest_route=\/wp\/v2\/pages"}],"about":[{"href":"https:\/\/www.ifz-international.de\/index.php?rest_route=\/wp\/v2\/types\/page"}],"author":[{"embeddable":true,"href":"https:\/\/www.ifz-international.de\/index.php?rest_route=\/wp\/v2\/users\/1"}],"replies":[{"embeddable":true,"href":"https:\/\/www.ifz-international.de\/index.php?rest_route=%2Fwp%2Fv2%2Fcomments&post=960"}],"version-history":[{"count":2,"href":"https:\/\/www.ifz-international.de\/index.php?rest_route=\/wp\/v2\/pages\/960\/revisions"}],"predecessor-version":[{"id":1048,"href":"https:\/\/www.ifz-international.de\/index.php?rest_route=\/wp\/v2\/pages\/960\/revisions\/1048"}],"wp:attachment":[{"href":"https:\/\/www.ifz-international.de\/index.php?rest_route=%2Fwp%2Fv2%2Fmedia&parent=960"}],"curies":[{"name":"wp","href":"https:\/\/api.w.org\/{rel}","templated":true}]}}