{"id":949,"date":"2021-05-22T17:40:31","date_gmt":"2021-05-22T15:40:31","guid":{"rendered":"https:\/\/www.ifz-international.de\/?page_id=949"},"modified":"2021-05-23T14:08:10","modified_gmt":"2021-05-23T12:08:10","slug":"samira-el-ouassil-erfolg-durch-hass-antrieb-aus-abscheu","status":"publish","type":"page","link":"https:\/\/www.ifz-international.de\/?page_id=949","title":{"rendered":"Samira El Ouassil: Erfolg durch Hass \u2013 Antrieb aus Abscheu"},"content":{"rendered":"\n<figure class=\"wp-block-image size-large\"><img loading=\"lazy\" decoding=\"async\" width=\"800\" height=\"800\" src=\"https:\/\/www.ifz-international.de\/wp-content\/uploads\/2021\/05\/cover_motivation_hass.jpg\" alt=\"\" class=\"wp-image-875\" srcset=\"https:\/\/www.ifz-international.de\/wp-content\/uploads\/2021\/05\/cover_motivation_hass.jpg 800w, https:\/\/www.ifz-international.de\/wp-content\/uploads\/2021\/05\/cover_motivation_hass-300x300.jpg 300w, https:\/\/www.ifz-international.de\/wp-content\/uploads\/2021\/05\/cover_motivation_hass-150x150.jpg 150w, https:\/\/www.ifz-international.de\/wp-content\/uploads\/2021\/05\/cover_motivation_hass-768x768.jpg 768w\" sizes=\"(max-width: 800px) 100vw, 800px\" \/><\/figure>\n\n\n\n<p><span style=\"color:#ffffff\" class=\"has-inline-color\">\u2026\u2026\u2026\u2026\u2026\u2026\u2026\u2026\u2026<\/span><\/p>\n\n\n\n<p>Band III der Anthologie:<strong> <\/strong><em>Motivation durch Negation. Eine Anthologie der Angst in drei B\u00e4nden.<\/em><br><br>Da sich auf dem Feld des Hasses auf keinen Kanon gest\u00fctzt werden kann, suchte die Autorin Samira El Ouassil selbst danach, was tragf\u00e4hig ist, und freut sich nun, in dem Band <em>Erfolg durch Hass \u2013 Antrieb aus Abscheu<\/em> sowohl eine Inhaltsanalyse gesammelter Interviews von Michel Friedmann, als auch eine Auswahl qualitativer Interviews mit islamistischen Glaubenskriegern pr\u00e4sentieren zu d\u00fcrfen. Gerade die al-Qaida ist ein Vorreiter in der Nutzung von Hass als Ansporn zu mehr kreativer Leistung, ihre Methoden sollen hier Gegenstand motivationspsychologischer Mediationen werden.<br><br>\u201eEurop\u00e4er\u201d, so schreibt El Ouassil in ihrer W\u00fcrdigung Henk-Cassinis, \u201everstehen das Wort Hass inzwischen zu negativ\u201d und demonstriert in dieser Suada wie die Destruktivit\u00e4t des Hasses in sch\u00f6pferische Energie sublimiert werden kann und muss.<br><br>Ein begleitender Bildband <em>Der Hass, die sch\u00f6ne Muse \u2013 Xenophobie, Antisemitismus und Misogynie in der Konstruktion des \u00c4sthetischen der bildenden Kunst des Abendlandes<\/em> und ein launiges Leporello <em>Stirb Exfreundin, stirb qualvoll!<\/em> <em>\u2013 Wut, Schuldzuweisung, Verzweiflung als existenzielle Inspirationsquelle moderner Unterhaltungsmusik und romantischer Lyrik<\/em> sind als zus\u00e4tzliches Material in Planung.<\/p>\n\n\n\n<p>Im Erscheinen 2024.<\/p>\n","protected":false},"excerpt":{"rendered":"<p>\u2026\u2026\u2026\u2026\u2026\u2026\u2026\u2026\u2026 Band III der Anthologie: Motivation durch Negation. Eine Anthologie der Angst in drei B\u00e4nden. Da sich auf dem Feld des Hasses auf keinen Kanon gest\u00fctzt werden kann, suchte die Autorin Samira El Ouassil selbst danach, was tragf\u00e4hig ist, und freut sich nun, in dem Band Erfolg durch Hass \u2013 Antrieb aus Abscheu sowohl eine [&hellip;]<\/p>\n","protected":false},"author":1,"featured_media":0,"parent":0,"menu_order":0,"comment_status":"closed","ping_status":"closed","template":"","meta":{"footnotes":""},"class_list":["post-949","page","type-page","status-publish","hentry"],"_links":{"self":[{"href":"https:\/\/www.ifz-international.de\/index.php?rest_route=\/wp\/v2\/pages\/949"}],"collection":[{"href":"https:\/\/www.ifz-international.de\/index.php?rest_route=\/wp\/v2\/pages"}],"about":[{"href":"https:\/\/www.ifz-international.de\/index.php?rest_route=\/wp\/v2\/types\/page"}],"author":[{"embeddable":true,"href":"https:\/\/www.ifz-international.de\/index.php?rest_route=\/wp\/v2\/users\/1"}],"replies":[{"embeddable":true,"href":"https:\/\/www.ifz-international.de\/index.php?rest_route=%2Fwp%2Fv2%2Fcomments&post=949"}],"version-history":[{"count":4,"href":"https:\/\/www.ifz-international.de\/index.php?rest_route=\/wp\/v2\/pages\/949\/revisions"}],"predecessor-version":[{"id":1054,"href":"https:\/\/www.ifz-international.de\/index.php?rest_route=\/wp\/v2\/pages\/949\/revisions\/1054"}],"wp:attachment":[{"href":"https:\/\/www.ifz-international.de\/index.php?rest_route=%2Fwp%2Fv2%2Fmedia&parent=949"}],"curies":[{"name":"wp","href":"https:\/\/api.w.org\/{rel}","templated":true}]}}