{"id":943,"date":"2021-05-22T17:37:32","date_gmt":"2021-05-22T15:37:32","guid":{"rendered":"https:\/\/www.ifz-international.de\/?page_id=943"},"modified":"2021-05-23T14:07:44","modified_gmt":"2021-05-23T12:07:44","slug":"samira-el-ouassil-erfolg-durch-angst-paranoia-als-partner","status":"publish","type":"page","link":"https:\/\/www.ifz-international.de\/?page_id=943","title":{"rendered":"Samira El Ouassil: Erfolg durch Angst \u2013 Paranoia als Partner"},"content":{"rendered":"\n<figure class=\"wp-block-image size-large\"><img loading=\"lazy\" decoding=\"async\" width=\"800\" height=\"800\" src=\"https:\/\/www.ifz-international.de\/wp-content\/uploads\/2021\/05\/cover_motivation_angst.jpg\" alt=\"\" class=\"wp-image-873\" srcset=\"https:\/\/www.ifz-international.de\/wp-content\/uploads\/2021\/05\/cover_motivation_angst.jpg 800w, https:\/\/www.ifz-international.de\/wp-content\/uploads\/2021\/05\/cover_motivation_angst-300x300.jpg 300w, https:\/\/www.ifz-international.de\/wp-content\/uploads\/2021\/05\/cover_motivation_angst-150x150.jpg 150w, https:\/\/www.ifz-international.de\/wp-content\/uploads\/2021\/05\/cover_motivation_angst-768x768.jpg 768w\" sizes=\"(max-width: 800px) 100vw, 800px\" \/><\/figure>\n\n\n\n<p><span style=\"color:#ffffff\" class=\"has-inline-color\">\u2026\u2026\u2026\u2026\u2026\u2026\u2026\u2026\u2026\u2026<\/span><\/p>\n\n\n\n<p>Band I der Anthologie:<strong> <\/strong><em>Motivation durch Negation. Eine Anthologie der Angst in drei B\u00e4nden.<\/em><br><br>Um das moralisch delikate Feld effizienzsteigender Angst\u00f6konomie der Brisanz des Themas entsprechend zu w\u00fcrdigen und auch der partikularen Pionierarbeit der wissenschaftlichen Wegbereiter Maria Henk-Cassani und Alan van Rhein den fast schon besch\u00e4mend lange vorenthaltenen Tribut zu zollen, beruft sich Samira El Ouassil in <em>Erfolg durch Angst \u2013 Paranoia als Partner<\/em> ausschlie\u00dflich auf die motivationspsychologischen Erkenntnisse der beiden geschassten Forscher und wartet mit geradezu polemischen Thesen auf (\u201eDer Antrieb durch Furcht liegt in den Erfordernissen des Lebens\u201c). Hierbei extrapoliert sie das theoretische Gesamtmodell der sogenannten \u201ePanikeffizienz\u201c in Form einer \u00fcbersichtlichen Metamatrix f\u00fcr den Alltagsgebrauch und erlaubt sich lediglich mancherorts kontextualisierende Querverweise zu <em>Homo Sacer<\/em>, Nietzsche und \u2013 nat\u00fcrlich! \u2013 der Handlungs-Ergebnis-Kontingenz von Robert D. Pritchard und Elissa L. Ashwood. Besonders wertvoll: das Kapitel \u00fcber Kindererziehung \u201aMama liebt dich nicht mehr \u2013 Kindliche \u00c4ngste und wie sie diese zu ihrem Vorteil nutzen\u2019.<\/p>\n\n\n\n<p>Im Erscheinen 2022.<\/p>\n","protected":false},"excerpt":{"rendered":"<p>\u2026\u2026\u2026\u2026\u2026\u2026\u2026\u2026\u2026\u2026 Band I der Anthologie: Motivation durch Negation. Eine Anthologie der Angst in drei B\u00e4nden. Um das moralisch delikate Feld effizienzsteigender Angst\u00f6konomie der Brisanz des Themas entsprechend zu w\u00fcrdigen und auch der partikularen Pionierarbeit der wissenschaftlichen Wegbereiter Maria Henk-Cassani und Alan van Rhein den fast schon besch\u00e4mend lange vorenthaltenen Tribut zu zollen, beruft sich Samira [&hellip;]<\/p>\n","protected":false},"author":1,"featured_media":0,"parent":0,"menu_order":0,"comment_status":"closed","ping_status":"closed","template":"","meta":{"footnotes":""},"class_list":["post-943","page","type-page","status-publish","hentry"],"_links":{"self":[{"href":"https:\/\/www.ifz-international.de\/index.php?rest_route=\/wp\/v2\/pages\/943"}],"collection":[{"href":"https:\/\/www.ifz-international.de\/index.php?rest_route=\/wp\/v2\/pages"}],"about":[{"href":"https:\/\/www.ifz-international.de\/index.php?rest_route=\/wp\/v2\/types\/page"}],"author":[{"embeddable":true,"href":"https:\/\/www.ifz-international.de\/index.php?rest_route=\/wp\/v2\/users\/1"}],"replies":[{"embeddable":true,"href":"https:\/\/www.ifz-international.de\/index.php?rest_route=%2Fwp%2Fv2%2Fcomments&post=943"}],"version-history":[{"count":2,"href":"https:\/\/www.ifz-international.de\/index.php?rest_route=\/wp\/v2\/pages\/943\/revisions"}],"predecessor-version":[{"id":1052,"href":"https:\/\/www.ifz-international.de\/index.php?rest_route=\/wp\/v2\/pages\/943\/revisions\/1052"}],"wp:attachment":[{"href":"https:\/\/www.ifz-international.de\/index.php?rest_route=%2Fwp%2Fv2%2Fmedia&parent=943"}],"curies":[{"name":"wp","href":"https:\/\/api.w.org\/{rel}","templated":true}]}}