{"id":940,"date":"2021-05-22T17:34:50","date_gmt":"2021-05-22T15:34:50","guid":{"rendered":"https:\/\/www.ifz-international.de\/?page_id=940"},"modified":"2021-05-23T14:08:43","modified_gmt":"2021-05-23T12:08:43","slug":"samira-el-ouassil-motivation-durch-negation-eine-anthologie-der-angst-in-drei-baenden","status":"publish","type":"page","link":"https:\/\/www.ifz-international.de\/?page_id=940","title":{"rendered":"Samira El Ouassil: Motivation durch Negation. Eine Anthologie der Angst in drei B\u00e4nden"},"content":{"rendered":"\n<figure class=\"wp-block-image size-large\"><img loading=\"lazy\" decoding=\"async\" width=\"800\" height=\"800\" src=\"https:\/\/www.ifz-international.de\/wp-content\/uploads\/2021\/05\/cover_motivation_gesamt.jpg\" alt=\"\" class=\"wp-image-874\" srcset=\"https:\/\/www.ifz-international.de\/wp-content\/uploads\/2021\/05\/cover_motivation_gesamt.jpg 800w, https:\/\/www.ifz-international.de\/wp-content\/uploads\/2021\/05\/cover_motivation_gesamt-300x300.jpg 300w, https:\/\/www.ifz-international.de\/wp-content\/uploads\/2021\/05\/cover_motivation_gesamt-150x150.jpg 150w, https:\/\/www.ifz-international.de\/wp-content\/uploads\/2021\/05\/cover_motivation_gesamt-768x768.jpg 768w\" sizes=\"(max-width: 800px) 100vw, 800px\" \/><\/figure>\n\n\n\n<p><span style=\"color:#ffffff\" class=\"has-inline-color\">\u2026\u2026\u2026\u2026\u2026\u2026\u2026\u2026\u2026\u2026<\/span><\/p>\n\n\n\n<p>\u201eEs bedarf einer Revolution auf dem Markt der Ratgeberliteratur.\u201c<br><em>Samira El Ouassil<\/em><\/p>\n\n\n\n<p><span style=\"color:#ffffff\" class=\"has-inline-color\">\u2026\u2026\u2026<\/span><\/p>\n\n\n\n<p class=\"has-drop-cap\">Die Sehnsucht nach einer immediaten Steigerung der Lebensqualit\u00e4t hat den modernen Menschen jahrzehntelang zur wahnhaften Geisel einer optimistischen Lebensf\u00fchrung gemacht. Doch der furchtlose Yes, I can-Zeitgeist, die sorgenfreie \u201aNichts-ist-unm\u00f6glich\u2019-Mentalit\u00e4t, hat die Gesellschaft \u00f6konomisch, politisch und kulturell an den Rand ihrer funktionierenden und sch\u00f6pferischen Existenz getrieben. Denn wo keine Sorge um das Gewonnene, keine Angst vor dem noch nicht Erreichten vorherrscht, wenn protzige Zuversicht und jovialer Mut blind f\u00fcr die Gefahren der Zukunft und Notwendigkeiten der Gegenwart machen, kann der Mensch nicht voranschreiten. Er stagniert. Finanzm\u00e4rkte, Krisenfelder, das Individuum, sie alle sind Opfer \u00fcber eines halben Jahrhunderts motivationspsychologischer Fehlmanipulation, die suggerierte, dass ein \u201aJa!\u2019 die Antwort auf alles sein m\u00fcsse. Aus den Tr\u00fcmmern der Nachkriegszeit geboren, eroberte die l\u00e4cherliche Idee, Antrieb erfolge schlicht aus dem positiven Willen zum Antrieb das Herz der Gesellschaft \u2013 um nun im Alltag des 21. Jahrhunderts als ausgewachsener Parasit mit Pan Am-l\u00e4chelnder Fratze das weltweite System zum Kollabieren zu bringen. Das Opfer dieser falschen bereits von Voltaire in Candide eindrucksvoll kritisieren Sorglosigkeit: nicht weniger als unsere Demokratie. Es ist die Geschichte einer Manipulation \u2013 aber auch eine Chance auf eine Neuorientierung.<br><br>Mit eindringlichen Worten analysiert Samira El Ouassil in ihrer sich im befindenden Publikation Motivation durch Negation. Eine Anthologie der Angst in drei B\u00e4nden wie die Grundlagen unseres Wohlstands durch eine lebensbejahende Sozialisation untergraben und so den gesellschaftlichen Frieden und eine stabile Gesellschaft aufs Spiel gesetzt worden ist. Sie fordert nicht weniger als ein Systemwechsel und beruft sich auf die bahnbrechenden Erkenntnisse der Wissenschaftler Maria Henk-Cassanis und Alan van Reihn, die bereits in den siebziger Jahren die Kraft des Antithetischen und die Energie des Ablehnenden als erste erkannten \u2013 aufgrund der Brisanz ihrer Ergebnisse jedoch lange schweigen mussten.<br><br>Die kontroverse, nichtsdestotrotz brillante These: Der Schl\u00fcssel zum Erfolg liegt in l\u00e4hmender Angst. Diese Anthologie enth\u00e4lt die Quintessenz der Negation zu allen wichtigen Bereichen wie Gesundheit (\u201aHypochondrie heilt!\u2019), zwischenmenschliche Beziehungen (\u201aDas Lothar Matth\u00e4us-Modell \u2013 Wie Angst vor Einsamkeit die besten Beziehung schafft\u2019), sowie berufliche Weiterentwicklung (\u201aStagnation \u2013 auch ein Lebensentwurf\u2019), Wohlstand (\u201aExistenz\u00e4ngste \u2013 Schlafen kann ich wenn ich tot bin\u2019) und gibt wertvolle Impulse, wie wir kraft unserer autodestruktiven Gedanken das Unm\u00f6gliche nicht m\u00f6glich machen k\u00f6nnen \u2013 es aber auch nicht mehr wollen. Hingebungsvoll beschreibt die Autorin wie wir durch Furchtsamkeit und permanente Panik zu einem geistig und materiell reichen und erf\u00fcllten Leben finden und uns von allen Sorgen und \u00c4ngsten l\u00f6sen k\u00f6nnen.<br><br>So lernt der geneigte Leser en passant die Kunst der destruktiven Imagination und wie er mit Angstszenarien, Furchtappellen und negativen Visualisierungen seine W\u00fcnsche verwirklichen kann. Oder auch nicht.Treibstoff Angst \u2013 Wer hat Angst vor Henk-Cassani?<\/p>\n\n\n\n<p>Nachdem der Neuropsychologe und Theologe Alan van Reihn und Sozialpsychologin Maria Henk-Cassani 1973 durch ihre viel zitierte und hochgelobte Abhandlung Uneinsichtig \u2013 Die Belegbarkeit des Unwiderlegbaren: das menschliche Black-Box-Modell aus Perspektive kognitiver Neurologie zu internationalem Ruf gelangten, erlaubte ihnen das Centre for Neuroscience at the University of Alberta in Kooperation mit dem MIT\u2019s Department of Brain and Cognitive Sciences, die Umsetzung eines der kontroversesten Forschungsprojekte der Neuro- und Motivationspsychologie: Die Untersuchung des positiven Einflusses von Panikgef\u00fchlen auf die eigene Effizienz.<\/p>\n\n\n\n<p>Vor allem van Rhein kann durch seine eigens f\u00fcr die Forschungsarbeit pr\u00e4zise entwickelten Erhebungsinstrumente wie den \u201aMetabolic-Moral-Index\u2019 und dem \u201aThree-Step-Flow-Fear-Pain-Fear-Model\u2019 valide und reliable Daten zur positiven Korrelation zwischen der Aktivit\u00e4t der Amygdala und der L\u00f6sung schwieriger Aufgabenstellungen sammeln.<\/p>\n\n\n\n<p>Sogar sein gr\u00f6\u00dfter Kritiker, Sozialethiker Alfons Robbec, muss 1993 in seiner dekonstruktiven Werksanalyse Die Gnadenlosen \u2013 Der Paradigmenwechsel in der wissenschaftlichen Wahrnehmung von Moral als Parameter\u201c widerwillig eingestehen, dass die Erhebungen in ihrer Ausf\u00fchrung \u201ekeinen Anlass zur Beanstandung bietet\u201c.<\/p>\n\n\n\n<p>Dennoch wurde eines der aufregendsten Forschungsarbeiten der j\u00fcngsten Wissenschaftsgeschichte bis heute mit stiefm\u00fctterlicher Abscheu behandelt. Neben der F\u00fclle des Gesamtwerkes, dem au\u00dferordentlich unsch\u00f6nen Deckblatt und der Widerspr\u00fcchlichkeit der Ergebnisse (\u201eIn manchen F\u00e4llen f\u00fchrte die Kultivierung der Angst nicht zu einer Steigerung der Kreativit\u00e4t.\u201c), war es vor allem die Grundthese, die f\u00fcr einen Disput in der akademischen Welt sorgte: die Behauptung, dass negative Gef\u00fchle in der Gesellschaft aus Gr\u00fcnden der Effektivit\u00e4t unbedingt zu bef\u00fcrworten seien, wird zwar einem Machiavelli oder einem Malthus zugestanden, bedeutete aber f\u00fcr die beiden Forscher \u2013 speziell in den siebziger Jahren! \u2013 den wissenschaftlichen Tod.<\/p>\n\n\n\n<p>Die nun posthum ver\u00f6ffentlichten Erg\u00e4nzungen Henk-Cassanis (\u201aHandeln ist der Motor des Handelns, Angst ist nur der Treibstoff.\u2019), aber auch ein Wandel im Angstdiskurs, siehe die Causa Kampusch, zwangen Samira El Ouassil in Kooperation mit dem Im Erscheinen Verlag frei nach Canguilhems weltbekanntem Ausspruch \u201eder Umwelt Unverl\u00e4\u00dflichkeit ist recht eigentlich ihr Werden, ihre Geschichte\u201c zu einer neuerlichen, bewusst unvoreingenommen Auseinandersetzung mit dem Mammutwerk.<\/p>\n\n\n\n<p>Das als populistisch verschrieene Werk hat nichts an seiner Aktualit\u00e4t und Brisanz verloren \u2013 im Gegenteil: selbst die Analysen \u00fcber Schmerz (pain) im Allgemeinen und Leid (suffer) im speziellen, sind unmittelbarer denn je zuvor und bieten endlich L\u00f6sungen f\u00fcr die Bew\u00e4ltigung unseres Alltags \u2013 ohne l\u00e4stige Fragen zu stellen.<\/p>\n\n\n\n<p>Weitere Informationen zu den einzelnen B\u00e4nden dieser Anthologie:<\/p>\n\n\n\n<p><a href=\"https:\/\/www.ifz-international.de\/?page_id=943\" target=\"_blank\" rel=\"noreferrer noopener\"><strong>Band I: Erfolg durch Angst \u2013 Paranoia als Partner<\/strong><br><br><\/a><a href=\"https:\/\/www.ifz-international.de\/?page_id=954\" target=\"_blank\" rel=\"noreferrer noopener\"><strong>Band II: Erfolg durch Schmerz \u2013 Gewinn durch Gewalt<\/strong><br><br><\/a><a href=\"https:\/\/www.ifz-international.de\/?page_id=949\" target=\"_blank\" rel=\"noreferrer noopener\"><strong>Band III: Erfolg durch Hass \u2013 Antrieb aus Abscheu<\/strong><\/a><\/p>\n\n\n\n<p>Gesamtausgabe im Pappschuber. Im Erscheinen 2022-2024.<\/p>\n\n\n\n<p><\/p>\n","protected":false},"excerpt":{"rendered":"<p>\u2026\u2026\u2026\u2026\u2026\u2026\u2026\u2026\u2026\u2026 \u201eEs bedarf einer Revolution auf dem Markt der Ratgeberliteratur.\u201cSamira El Ouassil \u2026\u2026\u2026 Die Sehnsucht nach einer immediaten Steigerung der Lebensqualit\u00e4t hat den modernen Menschen jahrzehntelang zur wahnhaften Geisel einer optimistischen Lebensf\u00fchrung gemacht. Doch der furchtlose Yes, I can-Zeitgeist, die sorgenfreie \u201aNichts-ist-unm\u00f6glich\u2019-Mentalit\u00e4t, hat die Gesellschaft \u00f6konomisch, politisch und kulturell an den Rand ihrer funktionierenden und [&hellip;]<\/p>\n","protected":false},"author":1,"featured_media":0,"parent":0,"menu_order":0,"comment_status":"closed","ping_status":"closed","template":"","meta":{"footnotes":""},"class_list":["post-940","page","type-page","status-publish","hentry"],"_links":{"self":[{"href":"https:\/\/www.ifz-international.de\/index.php?rest_route=\/wp\/v2\/pages\/940"}],"collection":[{"href":"https:\/\/www.ifz-international.de\/index.php?rest_route=\/wp\/v2\/pages"}],"about":[{"href":"https:\/\/www.ifz-international.de\/index.php?rest_route=\/wp\/v2\/types\/page"}],"author":[{"embeddable":true,"href":"https:\/\/www.ifz-international.de\/index.php?rest_route=\/wp\/v2\/users\/1"}],"replies":[{"embeddable":true,"href":"https:\/\/www.ifz-international.de\/index.php?rest_route=%2Fwp%2Fv2%2Fcomments&post=940"}],"version-history":[{"count":8,"href":"https:\/\/www.ifz-international.de\/index.php?rest_route=\/wp\/v2\/pages\/940\/revisions"}],"predecessor-version":[{"id":1055,"href":"https:\/\/www.ifz-international.de\/index.php?rest_route=\/wp\/v2\/pages\/940\/revisions\/1055"}],"wp:attachment":[{"href":"https:\/\/www.ifz-international.de\/index.php?rest_route=%2Fwp%2Fv2%2Fmedia&parent=940"}],"curies":[{"name":"wp","href":"https:\/\/api.w.org\/{rel}","templated":true}]}}