{"id":922,"date":"2021-05-22T17:20:08","date_gmt":"2021-05-22T15:20:08","guid":{"rendered":"https:\/\/www.ifz-international.de\/?page_id=922"},"modified":"2021-05-23T14:02:30","modified_gmt":"2021-05-23T12:02:30","slug":"timon-karl-kaleyta-die-windenergieluege-negativdialektik-eines-rot-gruenen-traumas","status":"publish","type":"page","link":"https:\/\/www.ifz-international.de\/?page_id=922","title":{"rendered":"Timon Karl Kaleyta: Die Windenergiel\u00fcge. Negativdialektik eines rot-gr\u00fcnen Traumas"},"content":{"rendered":"\n<figure class=\"wp-block-image size-large\"><img loading=\"lazy\" decoding=\"async\" width=\"800\" height=\"800\" src=\"https:\/\/www.ifz-international.de\/wp-content\/uploads\/2021\/05\/cover_windenergieluege_02.jpg\" alt=\"\" class=\"wp-image-880\" srcset=\"https:\/\/www.ifz-international.de\/wp-content\/uploads\/2021\/05\/cover_windenergieluege_02.jpg 800w, https:\/\/www.ifz-international.de\/wp-content\/uploads\/2021\/05\/cover_windenergieluege_02-300x300.jpg 300w, https:\/\/www.ifz-international.de\/wp-content\/uploads\/2021\/05\/cover_windenergieluege_02-150x150.jpg 150w, https:\/\/www.ifz-international.de\/wp-content\/uploads\/2021\/05\/cover_windenergieluege_02-768x768.jpg 768w\" sizes=\"(max-width: 800px) 100vw, 800px\" \/><\/figure>\n\n\n\n<p><span style=\"color:#ffffff\" class=\"has-inline-color\">\u2026\u2026\u2026\u2026\u2026\u2026\u2026\u2026\u2026\u2026<\/span><\/p>\n\n\n\n<p class=\"has-drop-cap\">Die einschl\u00e4gige im Erscheinen begriffene Publikation Die Windenergiel\u00fcge \u2013 Negativdialektik eines rot-gr\u00fcnen Traumas ist eine faszinierend und bisweilen humorvoll geschriebene antithetische Nachverhandlung des rot-gr\u00fcnen Regierungsprojekts der Nullerjahre. Im Zentrum der kritischen Betrachtungen Timon Karl Kaleytas stehen die Energiewende und der damit einhergehende fl\u00e4chendeckende Ausbau der Windkraft, der um die Jahrtausendwende um sich zu greifen begann. Doch was steckte eigentlich dahinter?<\/p>\n\n\n\n<p>Dem Sachbuch gelingt dabei auf knapp f\u00fcnfhundert Seiten so etwas wie die &#8222;Quadratur des Kornkreises&#8220; (Manfred Bielefelder, <em>Merkur<\/em>), in dem der Autor nachweist, welcher epidemischen F\u00e4lschung W\u00e4hler wie B\u00fcrger bis dato auf den Leim gegangen sind. Doch was auf den ersten Blick wie ein Skandal ungeahnten Ausma\u00dfes erscheint, k\u00f6nnte eines Tages r\u00fcckblickend als die \u2018Weichenstellung in eine post-stromatische Moderne\u2019 beschrieben werden.<\/p>\n\n\n\n<p>Der Autor f\u00fchrte \u00fcber sechs Jahre hinweg intensive Gespr\u00e4che mit Kernphysikern, Lobbyisten, Politikern, Grenzern und ehemaligen Mitarbeitern der Agentur f\u00fcr Erneuerbare Energien (AEE), die erst 2008 vom Bundesministerium f\u00fcr Naturschutz und Reaktorsicherheit aus der Taufe gehoben wurde \u2013 ein blinder Fleck, der Beobachtungen zweiter Ordnung in der Folge unbeobachtbar machte, bis jetzt. Denn was zun\u00e4chst wie ein vermeintlich schlechter Scherz verblendeter Verschw\u00f6rungstheoretiker erscheint, ist kaum zu glaubende Realit\u00e4t.<\/p>\n\n\n\n<p>In <em>Die Windenergiel\u00fcge<\/em> stellt Timon Karl Kaleyta eine zun\u00e4chst irrwitzig anmutende Rechnung auf, die heute jedoch trotz ausbleibender offizieller Best\u00e4tigung niemand mehr ernsthaft in Zweifel zieht: pro Tag verbrauchen Deutschlands Windr\u00e4der im Schnitt 18 Gigatonnen Rohstrom, um die schlicht \u00fcberquellenden Netze zu entlasten. An \u2018guten\u2019 Tagen saugt ein einzelnes Windrad die Energie einer mittelgro\u00dfen Kleinstadt aus dem Netz \u2013 eine gigantische Umleitungs- wie Verwaltungsaufgabe, ohne die schon heute kein Strombetrieb in Deutschland mehr m\u00f6glich w\u00e4re. Eine Wahrheit, die der Bev\u00f6lkerung bis dato nicht zugemutet werden konnte.<\/p>\n\n\n\n<p>Ironie des Schicksals \u2013 oder eben gerade nicht: Am Ende des mitrei\u00dfenden Sachbuches steht der Leser staunend vor dem Slogan jener Agentur f\u00fcr Erneuerbare Energien, in der es wortw\u00f6rtlich hei\u00dft: &#8222;Deutschland hat unendlich viel Energie&#8220;, wie wahr! Die Antwort lag all die Zeit direkt vor unser aller Augen.<\/p>\n\n\n\n<p>Titelbild nach einer Vorlage von <a rel=\"noreferrer noopener\" href=\"https:\/\/www.flickr.com\/photos\/winterbald\/2219520502\/\" target=\"_blank\">Andrea &amp; Stefan<\/a>, 2008.<\/p>\n","protected":false},"excerpt":{"rendered":"<p>\u2026\u2026\u2026\u2026\u2026\u2026\u2026\u2026\u2026\u2026 Die einschl\u00e4gige im Erscheinen begriffene Publikation Die Windenergiel\u00fcge \u2013 Negativdialektik eines rot-gr\u00fcnen Traumas ist eine faszinierend und bisweilen humorvoll geschriebene antithetische Nachverhandlung des rot-gr\u00fcnen Regierungsprojekts der Nullerjahre. Im Zentrum der kritischen Betrachtungen Timon Karl Kaleytas stehen die Energiewende und der damit einhergehende fl\u00e4chendeckende Ausbau der Windkraft, der um die Jahrtausendwende um sich zu greifen [&hellip;]<\/p>\n","protected":false},"author":1,"featured_media":0,"parent":0,"menu_order":0,"comment_status":"closed","ping_status":"closed","template":"","meta":{"footnotes":""},"class_list":["post-922","page","type-page","status-publish","hentry"],"_links":{"self":[{"href":"https:\/\/www.ifz-international.de\/index.php?rest_route=\/wp\/v2\/pages\/922"}],"collection":[{"href":"https:\/\/www.ifz-international.de\/index.php?rest_route=\/wp\/v2\/pages"}],"about":[{"href":"https:\/\/www.ifz-international.de\/index.php?rest_route=\/wp\/v2\/types\/page"}],"author":[{"embeddable":true,"href":"https:\/\/www.ifz-international.de\/index.php?rest_route=\/wp\/v2\/users\/1"}],"replies":[{"embeddable":true,"href":"https:\/\/www.ifz-international.de\/index.php?rest_route=%2Fwp%2Fv2%2Fcomments&post=922"}],"version-history":[{"count":6,"href":"https:\/\/www.ifz-international.de\/index.php?rest_route=\/wp\/v2\/pages\/922\/revisions"}],"predecessor-version":[{"id":1042,"href":"https:\/\/www.ifz-international.de\/index.php?rest_route=\/wp\/v2\/pages\/922\/revisions\/1042"}],"wp:attachment":[{"href":"https:\/\/www.ifz-international.de\/index.php?rest_route=%2Fwp%2Fv2%2Fmedia&parent=922"}],"curies":[{"name":"wp","href":"https:\/\/api.w.org\/{rel}","templated":true}]}}