{"id":244,"date":"2013-02-22T20:48:36","date_gmt":"2013-02-22T18:48:36","guid":{"rendered":"http:\/\/www.institutfuerzeitgenossenschaft.de\/?page_id=244"},"modified":"2021-05-23T14:13:32","modified_gmt":"2021-05-23T12:13:32","slug":"andreas-potulski","status":"publish","type":"page","link":"https:\/\/www.ifz-international.de\/?page_id=244","title":{"rendered":"Andreas Potulski"},"content":{"rendered":"<p><a href=\"http:\/\/www.ifz-international.de\/wp-content\/uploads\/2013\/02\/ifz_andreaspotulski-Kopie.jpg\"><img loading=\"lazy\" decoding=\"async\" class=\"alignnone size-full wp-image-395\" src=\"http:\/\/www.ifz-international.de\/wp-content\/uploads\/2013\/02\/ifz_andreaspotulski-Kopie.jpg\" alt=\"ifz_andreaspotulski\" width=\"800\" height=\"1200\" \/><\/a><\/p>\n<p>Andreas Potulski<br \/>\nSprecher<br \/>\nEmail: potulski [at] ifz-international.de<\/p>\n<p>Andreas Potulski, Sohn eines honetten Dom\u00e4nenverwalters, studierte Darstellende Kunst an der Folkwang Hochschule Essen, Studiengang Schauspiel Bochum und geh\u00f6rt seither dem pflichtschlagenden Corps Lusor procax an, das sprechintensive Instinkte medial validiert. Als Berufssprecher vollziehen sich im Spielk\u00f6rper Potulski die simplexen Lernprozesse in einem spieldidaktischen Spannungsgef\u00fcge der vier Komponenten Lernender, Schaumstoff, Lehrender und gesellschaftspolitisches Reimspiel. Potulski schw\u00e4rmt aktiv f\u00fcr Wimpernkr\u00e4nze,\u00a0 narzisstische Gesten und olfaktorische Ged\u00e4chtnisspiele. Die Sinnfrage ist fundamental f\u00fcr das Spielen in einer spielwilligen Gesellschaft und ihre Aufarbeitung die bedeutendste Aufgabe des Panromantikers Potulski. Er vermeidet es Ausk\u00fcnfte jedweder Art zu geben.<\/p>\n<p><strong>Publikationen (Auswahl)<\/strong><\/p>\n<p><em>Rollkommando Rollenspiel. Die Verteidigung der Ordnung gegen das Chaos<\/em>, Im Erscheinen, D\u00fcsseldorf 2024.<br \/>\n<em>Pathos, Panik, Pentagon. Die drei P\u2019s des Andreas Potulski &#8211; Eine Autobiopsie<\/em>, Im Erscheinen, D\u00fcsseldorf 2025.<br \/>\n<em>Falsch gespielt. Sprengstoff Mensch (Fragment, Korrekturb\u00f6gen)<\/em>, Im Erscheinen, D\u00fcsseldorf 2026.<\/p>\n<p><strong>Film &amp; Video (Auswahl)<\/strong><\/p>\n<p><em>K\u00f6ln brennt<\/em><br \/>\n<a title=\"K\u00f6ln brennt\" href=\"http:\/\/www.youtube.com\/watch?v=nrbSY0Qyu8o\" target=\"_blank\" rel=\"noopener noreferrer\">http:\/\/www.youtube.com\/watch?v=nrbSY0Qyu8o<\/a><\/p>\n","protected":false},"excerpt":{"rendered":"<p>Andreas Potulski Sprecher Email: potulski [at] ifz-international.de Andreas Potulski, Sohn eines honetten Dom\u00e4nenverwalters, studierte Darstellende Kunst an der Folkwang Hochschule Essen, Studiengang Schauspiel Bochum und geh\u00f6rt seither dem pflichtschlagenden Corps Lusor procax an, das sprechintensive Instinkte medial validiert. Als Berufssprecher vollziehen sich im Spielk\u00f6rper Potulski die simplexen Lernprozesse in einem spieldidaktischen Spannungsgef\u00fcge der vier Komponenten [&hellip;]<\/p>\n","protected":false},"author":1,"featured_media":0,"parent":0,"menu_order":0,"comment_status":"closed","ping_status":"closed","template":"","meta":{"footnotes":""},"class_list":["post-244","page","type-page","status-publish","hentry"],"_links":{"self":[{"href":"https:\/\/www.ifz-international.de\/index.php?rest_route=\/wp\/v2\/pages\/244"}],"collection":[{"href":"https:\/\/www.ifz-international.de\/index.php?rest_route=\/wp\/v2\/pages"}],"about":[{"href":"https:\/\/www.ifz-international.de\/index.php?rest_route=\/wp\/v2\/types\/page"}],"author":[{"embeddable":true,"href":"https:\/\/www.ifz-international.de\/index.php?rest_route=\/wp\/v2\/users\/1"}],"replies":[{"embeddable":true,"href":"https:\/\/www.ifz-international.de\/index.php?rest_route=%2Fwp%2Fv2%2Fcomments&post=244"}],"version-history":[{"count":11,"href":"https:\/\/www.ifz-international.de\/index.php?rest_route=\/wp\/v2\/pages\/244\/revisions"}],"predecessor-version":[{"id":1057,"href":"https:\/\/www.ifz-international.de\/index.php?rest_route=\/wp\/v2\/pages\/244\/revisions\/1057"}],"wp:attachment":[{"href":"https:\/\/www.ifz-international.de\/index.php?rest_route=%2Fwp%2Fv2%2Fmedia&parent=244"}],"curies":[{"name":"wp","href":"https:\/\/api.w.org\/{rel}","templated":true}]}}