{"id":142,"date":"2013-02-22T17:42:53","date_gmt":"2013-02-22T15:42:53","guid":{"rendered":"http:\/\/www.institutfuerzeitgenossenschaft.de\/?page_id=142"},"modified":"2021-05-23T14:17:01","modified_gmt":"2021-05-23T12:17:01","slug":"mischa-lorenz","status":"publish","type":"page","link":"https:\/\/www.ifz-international.de\/?page_id=142","title":{"rendered":"Mischa Lorenz"},"content":{"rendered":"<p><a href=\"http:\/\/www.institutfuerzeitgenossenschaft.de\/wp-content\/uploads\/2013\/02\/ifz_mischalorenz1.jpg\"><img loading=\"lazy\" decoding=\"async\" class=\"alignnone size-full wp-image-143\" src=\"http:\/\/www.ifz-international.de\/wp-content\/uploads\/2013\/02\/mischalorenz_ifz_presse_02_web.jpg\" alt=\"ifz_mischalorenz\" width=\"800\" height=\"1200\" \/><\/a><\/p>\n<p dir=\"ltr\">Mischa Lorenz<br \/>\nFotografischer Berater<br \/>\nEmail: lorenz [at] ifz-international.de<\/p>\n<p>Der deutsch-franz\u00f6sische Designer, Grafiker, Fotograf und Filmemacher Mischa Lorenz studiert Kommunikationsdesign an der Fachhochschule D\u00fcsseldorf und arbeitet seit f\u00fcnf Jahren an einer ad\u00e4quaten visuellen Umsetzung des Neuen Testaments. Mischa Lorenz ist bekannt f\u00fcr seine sensiblen Fotografien junger Dahlien, die er 2007 medienwirksam in einem unver\u00f6ffentlichten Bildband publizierte. F\u00fcr das IFZ reist er 2013 f\u00fcr ein halbes Jahr zwecks weitergehender Feldstudien nach Los Angeles, Kalifornien &#8211; wo er heute schon sehr ber\u00fchmt ist.<br \/>\n<b><b>\u00a0<\/b><\/b><\/p>\n<p dir=\"ltr\"><strong>Publikationen (Auswahl)<\/strong><\/p>\n<p dir=\"ltr\"><em>New York Tennis &#8211; Off the Game<\/em>, Im Erscheinen,\u00a0D\u00fcsseldorf 2024.<br \/>\n<em>Distanzfotografie &#8211; Dinge aus gro\u00dfer Entfernung im Detail<\/em>, Im Erscheinen,\u00a0D\u00fcsseldorf 2014.<br \/>\n<em>How to Take Pictures of People<\/em>, Im Erscheinen,\u00a0D\u00fcsseldorf 2025.<br \/>\n<em>How to Take Pictures of Things<\/em>, Im Erscheinen,\u00a0D\u00fcsseldorf 2026<br \/>\n<em>How to Take Pictures of Pictures<\/em>, Im Erscheinen,\u00a0D\u00fcsseldorf 2027.<br \/>\n<em>Pr\u00e4-Photography. Bilder vor ihrer Ausl\u00f6sung<\/em>, Im Erscheinen,\u00a0D\u00fcsseldorf 2027.<\/p>\n","protected":false},"excerpt":{"rendered":"<p>Mischa Lorenz Fotografischer Berater Email: lorenz [at] ifz-international.de Der deutsch-franz\u00f6sische Designer, Grafiker, Fotograf und Filmemacher Mischa Lorenz studiert Kommunikationsdesign an der Fachhochschule D\u00fcsseldorf und arbeitet seit f\u00fcnf Jahren an einer ad\u00e4quaten visuellen Umsetzung des Neuen Testaments. Mischa Lorenz ist bekannt f\u00fcr seine sensiblen Fotografien junger Dahlien, die er 2007 medienwirksam in einem unver\u00f6ffentlichten Bildband publizierte. [&hellip;]<\/p>\n","protected":false},"author":1,"featured_media":0,"parent":0,"menu_order":0,"comment_status":"closed","ping_status":"closed","template":"","meta":{"footnotes":""},"class_list":["post-142","page","type-page","status-publish","hentry"],"_links":{"self":[{"href":"https:\/\/www.ifz-international.de\/index.php?rest_route=\/wp\/v2\/pages\/142"}],"collection":[{"href":"https:\/\/www.ifz-international.de\/index.php?rest_route=\/wp\/v2\/pages"}],"about":[{"href":"https:\/\/www.ifz-international.de\/index.php?rest_route=\/wp\/v2\/types\/page"}],"author":[{"embeddable":true,"href":"https:\/\/www.ifz-international.de\/index.php?rest_route=\/wp\/v2\/users\/1"}],"replies":[{"embeddable":true,"href":"https:\/\/www.ifz-international.de\/index.php?rest_route=%2Fwp%2Fv2%2Fcomments&post=142"}],"version-history":[{"count":20,"href":"https:\/\/www.ifz-international.de\/index.php?rest_route=\/wp\/v2\/pages\/142\/revisions"}],"predecessor-version":[{"id":1063,"href":"https:\/\/www.ifz-international.de\/index.php?rest_route=\/wp\/v2\/pages\/142\/revisions\/1063"}],"wp:attachment":[{"href":"https:\/\/www.ifz-international.de\/index.php?rest_route=%2Fwp%2Fv2%2Fmedia&parent=142"}],"curies":[{"name":"wp","href":"https:\/\/api.w.org\/{rel}","templated":true}]}}