{"id":136,"date":"2013-02-22T17:41:13","date_gmt":"2013-02-22T15:41:13","guid":{"rendered":"http:\/\/www.institutfuerzeitgenossenschaft.de\/?page_id=136"},"modified":"2021-05-23T14:14:05","modified_gmt":"2021-05-23T12:14:05","slug":"tilman-ezra-muhlenberg","status":"publish","type":"page","link":"https:\/\/www.ifz-international.de\/?page_id=136","title":{"rendered":"Tilman Ezra M\u00fchlenberg"},"content":{"rendered":"<p><a href=\"http:\/\/www.ifz-international.de\/wp-content\/uploads\/2013\/02\/mischalorenz_ifz_presse_01_web.jpg\"><img loading=\"lazy\" decoding=\"async\" class=\"alignnone size-full wp-image-137\" src=\"http:\/\/www.ifz-international.de\/wp-content\/uploads\/2013\/02\/mischalorenz_ifz_presse_01_web.jpg\" alt=\"ifz_tilmanm\u00fchlenberg\" width=\"800\" height=\"1200\" \/><\/a><\/p>\n<p dir=\"ltr\">Tilman Ezra M\u00fchlenberg<br \/>\nDirektor<br \/>\nEmail: muehlenberg [at] ifz-international.de<\/p>\n<p><b><b>\u00a0<\/b><\/b><\/p>\n<p dir=\"ltr\">Tilman Ezra M\u00fchlenberg, ehemaliger Skirennl\u00e4ufer mit Wohnsitz in Berlin, studierte Anglistik, Germanistik und Medienwissenschaft an der Heinrich-Heine-Universit\u00e4t D\u00fcsseldorf und ist gemeinsam mit Timon-Karl Kaleyta eines der beiden Gr\u00fcndungsmitglieder des Instituts f\u00fcr Zeitgenossenschaft. Seine ersten unmittelbar empirischen Erfahrungen mit den Implikationen des Verwaltungsalgorithmus sammelte er in einem Angestelltenverh\u00e4ltnis mit einer gro\u00dfen Nordrhein-Westf\u00e4lischen Wissenschaftsinstitution. Derzeit ist er wissenschaftlicher Mitarbeiter am Institut f\u00fcr Medien- und Kulturwissenschaft der Heinrich-Heine-Universit\u00e4t D\u00fcsseldorf.<br \/>\nTilman Ezra M\u00fchlenberg forscht zu Themen der Willensbildung in Zeiten psychosozialer Kontingenz sowie zu Fragen nach den Grenzen der Stochastik. Au\u00dferdem ist er als Musiker Mitglied der Bands Danja Atari und Kummer.<\/p>\n<p><b><b>\u00a0<\/b><\/b><\/p>\n<p><strong>Publikationen (Auswahl)<\/strong><b><b><br \/>\n<\/b><\/b><\/p>\n<p dir=\"ltr\"><em>Planet der Absicht. Im Diesseits der Intention I<\/em>, Im Erscheinen, D\u00fcsseldorf 2025.<br \/>\n<em>Testament der Ahnung. Im Diesseits der Intention II<\/em>, Im Erscheinen,\u00a0D\u00fcsseldorf 2026.<br \/>\n<em>Fluchtpunkt Florenz. Die Austreibung der Symmetrie aus den symmetrischen Gegenst\u00e4nden<\/em>, Im Erscheinen,\u00a0D\u00fcsseldorf 2025.<\/p>\n","protected":false},"excerpt":{"rendered":"<p>Tilman Ezra M\u00fchlenberg Direktor Email: muehlenberg [at] ifz-international.de \u00a0 Tilman Ezra M\u00fchlenberg, ehemaliger Skirennl\u00e4ufer mit Wohnsitz in Berlin, studierte Anglistik, Germanistik und Medienwissenschaft an der Heinrich-Heine-Universit\u00e4t D\u00fcsseldorf und ist gemeinsam mit Timon-Karl Kaleyta eines der beiden Gr\u00fcndungsmitglieder des Instituts f\u00fcr Zeitgenossenschaft. Seine ersten unmittelbar empirischen Erfahrungen mit den Implikationen des Verwaltungsalgorithmus sammelte er in einem [&hellip;]<\/p>\n","protected":false},"author":1,"featured_media":0,"parent":0,"menu_order":0,"comment_status":"closed","ping_status":"closed","template":"","meta":{"footnotes":""},"class_list":["post-136","page","type-page","status-publish","hentry"],"_links":{"self":[{"href":"https:\/\/www.ifz-international.de\/index.php?rest_route=\/wp\/v2\/pages\/136"}],"collection":[{"href":"https:\/\/www.ifz-international.de\/index.php?rest_route=\/wp\/v2\/pages"}],"about":[{"href":"https:\/\/www.ifz-international.de\/index.php?rest_route=\/wp\/v2\/types\/page"}],"author":[{"embeddable":true,"href":"https:\/\/www.ifz-international.de\/index.php?rest_route=\/wp\/v2\/users\/1"}],"replies":[{"embeddable":true,"href":"https:\/\/www.ifz-international.de\/index.php?rest_route=%2Fwp%2Fv2%2Fcomments&post=136"}],"version-history":[{"count":15,"href":"https:\/\/www.ifz-international.de\/index.php?rest_route=\/wp\/v2\/pages\/136\/revisions"}],"predecessor-version":[{"id":1058,"href":"https:\/\/www.ifz-international.de\/index.php?rest_route=\/wp\/v2\/pages\/136\/revisions\/1058"}],"wp:attachment":[{"href":"https:\/\/www.ifz-international.de\/index.php?rest_route=%2Fwp%2Fv2%2Fmedia&parent=136"}],"curies":[{"name":"wp","href":"https:\/\/api.w.org\/{rel}","templated":true}]}}