{"id":1011,"date":"2021-05-22T18:55:24","date_gmt":"2021-05-22T16:55:24","guid":{"rendered":"https:\/\/www.ifz-international.de\/?page_id=1011"},"modified":"2021-05-23T14:05:16","modified_gmt":"2021-05-23T12:05:16","slug":"stefanie-roenneke-der-praezise-auftritt","status":"publish","type":"page","link":"https:\/\/www.ifz-international.de\/?page_id=1011","title":{"rendered":"Stefanie Roenneke: Der pr\u00e4zise Auftritt"},"content":{"rendered":"\n<figure class=\"wp-block-image size-large\"><img loading=\"lazy\" decoding=\"async\" width=\"800\" height=\"800\" src=\"https:\/\/www.ifz-international.de\/wp-content\/uploads\/2021\/05\/cover_auftritt.jpg\" alt=\"\" class=\"wp-image-868\" srcset=\"https:\/\/www.ifz-international.de\/wp-content\/uploads\/2021\/05\/cover_auftritt.jpg 800w, https:\/\/www.ifz-international.de\/wp-content\/uploads\/2021\/05\/cover_auftritt-300x300.jpg 300w, https:\/\/www.ifz-international.de\/wp-content\/uploads\/2021\/05\/cover_auftritt-150x150.jpg 150w, https:\/\/www.ifz-international.de\/wp-content\/uploads\/2021\/05\/cover_auftritt-768x768.jpg 768w\" sizes=\"(max-width: 800px) 100vw, 800px\" \/><\/figure>\n\n\n\n<p><span style=\"color:#ffffff\" class=\"has-inline-color\">\u2026\u2026\u2026\u2026\u2026\u2026\u2026\u2026\u2026\u2026<\/span><\/p>\n\n\n\n<p class=\"has-drop-cap\">Zehn Jahre lang, mit Unterbrechung, verlebte Stefanie Roenneke am Rande des deutschen Kulturbetriebs. Sie war stets zur falschen Zeit am richtigen Ort. Diese einmalige Position an der Peripherie erm\u00f6glichte ihr einen unvergleichlichen Blick ins Zentrum der Macht. Anstelle einer teilnehmenden Beobachtung setzt sie die entfernte Teilhabe. Dieser zeitgen\u00f6ssische Ansatz erm\u00f6glicht ihr eine dichte Analyse der Bedeutung von zeitlicher und \u00f6rtlicher Pr\u00e4zisen, die es jedem erm\u00f6glicht Nichts in Etwas zu inkorporieren.<\/p>\n\n\n\n<p>Im Erscheinen 2024.<\/p>\n","protected":false},"excerpt":{"rendered":"<p>\u2026\u2026\u2026\u2026\u2026\u2026\u2026\u2026\u2026\u2026 Zehn Jahre lang, mit Unterbrechung, verlebte Stefanie Roenneke am Rande des deutschen Kulturbetriebs. Sie war stets zur falschen Zeit am richtigen Ort. Diese einmalige Position an der Peripherie erm\u00f6glichte ihr einen unvergleichlichen Blick ins Zentrum der Macht. Anstelle einer teilnehmenden Beobachtung setzt sie die entfernte Teilhabe. Dieser zeitgen\u00f6ssische Ansatz erm\u00f6glicht ihr eine dichte Analyse [&hellip;]<\/p>\n","protected":false},"author":1,"featured_media":0,"parent":0,"menu_order":0,"comment_status":"closed","ping_status":"closed","template":"","meta":{"footnotes":""},"class_list":["post-1011","page","type-page","status-publish","hentry"],"_links":{"self":[{"href":"https:\/\/www.ifz-international.de\/index.php?rest_route=\/wp\/v2\/pages\/1011"}],"collection":[{"href":"https:\/\/www.ifz-international.de\/index.php?rest_route=\/wp\/v2\/pages"}],"about":[{"href":"https:\/\/www.ifz-international.de\/index.php?rest_route=\/wp\/v2\/types\/page"}],"author":[{"embeddable":true,"href":"https:\/\/www.ifz-international.de\/index.php?rest_route=\/wp\/v2\/users\/1"}],"replies":[{"embeddable":true,"href":"https:\/\/www.ifz-international.de\/index.php?rest_route=%2Fwp%2Fv2%2Fcomments&post=1011"}],"version-history":[{"count":2,"href":"https:\/\/www.ifz-international.de\/index.php?rest_route=\/wp\/v2\/pages\/1011\/revisions"}],"predecessor-version":[{"id":1049,"href":"https:\/\/www.ifz-international.de\/index.php?rest_route=\/wp\/v2\/pages\/1011\/revisions\/1049"}],"wp:attachment":[{"href":"https:\/\/www.ifz-international.de\/index.php?rest_route=%2Fwp%2Fv2%2Fmedia&parent=1011"}],"curies":[{"name":"wp","href":"https:\/\/api.w.org\/{rel}","templated":true}]}}