{"id":1007,"date":"2021-05-22T18:52:07","date_gmt":"2021-05-22T16:52:07","guid":{"rendered":"https:\/\/www.ifz-international.de\/?page_id=1007"},"modified":"2021-05-23T14:04:14","modified_gmt":"2021-05-23T12:04:14","slug":"stefanie-roenneke-handbuch-fuer-prekaere-zeiten","status":"publish","type":"page","link":"https:\/\/www.ifz-international.de\/?page_id=1007","title":{"rendered":"Stefanie Roenneke: Handbuch f\u00fcr prek\u00e4re Zeiten"},"content":{"rendered":"\n<figure class=\"wp-block-image size-large\"><img loading=\"lazy\" decoding=\"async\" width=\"800\" height=\"800\" src=\"https:\/\/www.ifz-international.de\/wp-content\/uploads\/2021\/05\/cover_handbuch.jpg\" alt=\"\" class=\"wp-image-871\" srcset=\"https:\/\/www.ifz-international.de\/wp-content\/uploads\/2021\/05\/cover_handbuch.jpg 800w, https:\/\/www.ifz-international.de\/wp-content\/uploads\/2021\/05\/cover_handbuch-300x300.jpg 300w, https:\/\/www.ifz-international.de\/wp-content\/uploads\/2021\/05\/cover_handbuch-150x150.jpg 150w, https:\/\/www.ifz-international.de\/wp-content\/uploads\/2021\/05\/cover_handbuch-768x768.jpg 768w\" sizes=\"(max-width: 800px) 100vw, 800px\" \/><\/figure>\n\n\n\n<p><span style=\"color:#ffffff\" class=\"has-inline-color\">\u2026\u2026\u2026\u2026\u2026\u2026\u2026\u2026\u2026\u2026<\/span><\/p>\n\n\n\n<p class=\"has-drop-cap\">Die Welt zieht sich zu: Die einen treibt es in die heimischen W\u00e4nde, den Rest besorgt Amazon. Biedermeier is back. Die anderen suchen Halt im Salon, im Club, im Kaffeehaus, im Keller, in der Konzerthalle oder an der Stra\u00dfenecke, im Miteinander, um Strategien des Dagegenhaltens zu ersinnen: gegen das Extreme, das den \u00f6ffentliche Raum beherrscht. Kurzum: gegen den Hass. Doch: Wo anfangen? Welche Strategie passt am besten in welche Situation? Welche ist am effektivsten, subversivsten, liebevollsten, sch\u00f6nsten oder buntesten? Welche Haltung sorgt bei den Falschen f\u00fcr die gr\u00f6\u00dfte Irritation und bei Richtigen f\u00fcr das w\u00e4rmste Gef\u00fchl von Liebe und Mitmenschlichkeit. Nach dem Besteller <em>Widerstand denken<\/em> von Tilman Ezra M\u00fchlenberg ist das <em>Handbuch f\u00fcr prek\u00e4re Zeiten<\/em> nun das praktische Pendant: ein Leitfaden zur Unter- und Durchwanderung der Gegenwart. Gem\u00e4\u00df dem Bukowskischen Kredo \u201eWhat matters most is how well you walk through the Fire\u201c versammelt Stefanie Roenneke in enger Zusammenarbeit mit dem Institut f\u00fcr Zeitgenossenschaft IFZ Wissenswertes, Anekdotenreiches und vor allem Handhabbares zu verschiedenen Formen des Widerstands aus mehreren Jahrhunderten: politisch, sozial, sexuell und \u00e4sthetisch. <br>Mit Glossar und Personenregister sowie den herausnehmbaren Faltbl\u00e4ttern \u201eL\u00f6sung Liebe\u201c und \u201eWie erkenne ich das Arschloch in der Nachbarschaft?\u201c.<\/p>\n\n\n\n<p>Im Erscheinen 2023.<\/p>\n","protected":false},"excerpt":{"rendered":"<p>\u2026\u2026\u2026\u2026\u2026\u2026\u2026\u2026\u2026\u2026 Die Welt zieht sich zu: Die einen treibt es in die heimischen W\u00e4nde, den Rest besorgt Amazon. Biedermeier is back. Die anderen suchen Halt im Salon, im Club, im Kaffeehaus, im Keller, in der Konzerthalle oder an der Stra\u00dfenecke, im Miteinander, um Strategien des Dagegenhaltens zu ersinnen: gegen das Extreme, das den \u00f6ffentliche Raum [&hellip;]<\/p>\n","protected":false},"author":1,"featured_media":0,"parent":0,"menu_order":0,"comment_status":"closed","ping_status":"closed","template":"","meta":{"footnotes":""},"class_list":["post-1007","page","type-page","status-publish","hentry"],"_links":{"self":[{"href":"https:\/\/www.ifz-international.de\/index.php?rest_route=\/wp\/v2\/pages\/1007"}],"collection":[{"href":"https:\/\/www.ifz-international.de\/index.php?rest_route=\/wp\/v2\/pages"}],"about":[{"href":"https:\/\/www.ifz-international.de\/index.php?rest_route=\/wp\/v2\/types\/page"}],"author":[{"embeddable":true,"href":"https:\/\/www.ifz-international.de\/index.php?rest_route=\/wp\/v2\/users\/1"}],"replies":[{"embeddable":true,"href":"https:\/\/www.ifz-international.de\/index.php?rest_route=%2Fwp%2Fv2%2Fcomments&post=1007"}],"version-history":[{"count":3,"href":"https:\/\/www.ifz-international.de\/index.php?rest_route=\/wp\/v2\/pages\/1007\/revisions"}],"predecessor-version":[{"id":1046,"href":"https:\/\/www.ifz-international.de\/index.php?rest_route=\/wp\/v2\/pages\/1007\/revisions\/1046"}],"wp:attachment":[{"href":"https:\/\/www.ifz-international.de\/index.php?rest_route=%2Fwp%2Fv2%2Fmedia&parent=1007"}],"curies":[{"name":"wp","href":"https:\/\/api.w.org\/{rel}","templated":true}]}}