{"id":94,"date":"2013-02-22T16:49:52","date_gmt":"2013-02-22T14:49:52","guid":{"rendered":"http:\/\/www.institutfuerzeitgenossenschaft.de\/?page_id=94"},"modified":"2021-08-20T10:39:44","modified_gmt":"2021-08-20T08:39:44","slug":"timon-karl-kaleyta","status":"publish","type":"page","link":"http:\/\/www.ifz-international.de\/?page_id=94","title":{"rendered":"Timon Karl Kaleyta"},"content":{"rendered":"<p><a href=\"http:\/\/www.institutfuerzeitgenossenschaft.de\/wp-content\/uploads\/2013\/02\/ifz_timonkarlkaleyta1.jpg\"><img loading=\"lazy\" decoding=\"async\" class=\"alignnone size-full wp-image-101\" src=\"http:\/\/www.ifz-international.de\/wp-content\/uploads\/2013\/02\/mischalorenz_ifz_presse_04_web.jpg\" alt=\"ifz_timonkarlkaleyta\" width=\"800\" height=\"1200\" \/><\/a><\/p>\n<p>Timon Karl Kaleyta<br \/>\nWissenschaftlicher Leiter<br \/>\nEmail: kaleyta [at] ifz-international.de<br \/>\n<b><b>\u00a0<\/b><\/b><\/p>\n<p dir=\"ltr\">Kaleyta &#8211; geboren in Bochum &#8211; studierte Medienwissenschaften, Literatur und Soziologie an der Ruhr-Universit\u00e4t, der Universid\u00e1d Complutense de Madrid und der Heinrich-Heine-Universit\u00e4t D\u00fcsseldorf und ist mit Tilman Ezra M\u00fchlenberg Gr\u00fcndungsmitglied des IFZ International. Auf der Suche nach der Entstehung der Zahl und nach den Epistemen der Ph\u00e4nomenologie gr\u00fcndete er Anfang des 21. Jahrhunderts die kurzzeitig sehr erfolgreiche Band Susanne Blech, deren S\u00e4nger, Texter und Kompositeur er bis heute ist. Kaleyta forscht auf zahlreichen Gebieten der Logik und fragt dabei nach dem Ur-Symptom der Verwaltungsanomalie. Er ist Autor im Feuilleton der Frankfurter Allgemeinen Sonntagszeitung und verfasste dort bis 2021 die Kolumne &#8222;Szenen aus dem Eheleben&#8220;. Er ver\u00f6ffentlichte das preisgekr\u00f6nte Buch \u201cDie 100 wichtigsten Dinge\u201d (Hatje Cantz), arbeitet als Drehbuch- und Fernsehautor (jerks., Stuckrad Late Night) und war von 2018 bis 2021 Chefredakteur des K\u00d6NIG Magazins der K\u00d6NIG GALERIE, Berlin. Sein im April 2021 erschienener Deb\u00fct-Roman &#8222;Die Geschichte eines einfachen Mannes&#8220; (Piper) fasste all dies in Form einer konsekutiven Abstiegsgeschichte noch einmal kurz und b\u00fcndig zusammen und wurde daf\u00fcr mit dem Literaturpreis der Stadt Fulda ausgezeichnet. Bei den 45. Tages der deutschsprachigen Literatur in Klagenfurt erhielt Kaleyta 2021 den 3sat-Preis.<\/p>\n<p><strong>Publikationen (Auswahl)<\/strong><\/p>\n<p><em>Kunst kommt von Kundendienst &#8211; Studien zur Wertentwicklung in der \u00c4sthetik-Industrie<\/em>, Telegraph, Salzburg, 2001.<br \/>\n<em>From Lehman to Luhmann: Systemtheorie in der (Banken-)Krise<\/em>, Im Erscheinen, D\u00fcsseldorf 2023.<br \/>\n<em>Re-reading Likursi I: Einf\u00fchrung in die Geschichte der Geschichte als Haufen<\/em>, Im Erscheinen,\u00a0D\u00fcsseldorf 2024.<br \/>\n<em>Re-reading Likursi II: Zeitgen\u00f6ssische Perspektiven auf einen zeitlosen Theoretiker<\/em>, Im Erscheinen,\u00a0D\u00fcsseldorf 2026.<br \/>\n<em>Infektionskrankheiten auf dem Index. Eine bakterielle Ausnahmestellung?<\/em>, Im Erscheinen,\u00a0D\u00fcsseldorf 2022.<br \/>\n<em>Die Windenergiel\u00fcge &#8211; Negativdialektik eines rot-gr\u00fcnen Traumas<\/em>, Im Erscheinen,\u00a0D\u00fcsseldorf 2027.<br \/>\n<em>Zukunftsvision Personalarbeit. Das Ende der abh\u00e4ngigen Besch\u00e4ftigung in einer perfekt organsierten Gesellschaft<\/em>, Im Erscheinen, D\u00fcsseldorf 2032.<\/p>\n","protected":false},"excerpt":{"rendered":"<p>Timon Karl Kaleyta Wissenschaftlicher Leiter Email: kaleyta [at] ifz-international.de \u00a0 Kaleyta &#8211; geboren in Bochum &#8211; studierte Medienwissenschaften, Literatur und Soziologie an der Ruhr-Universit\u00e4t, der Universid\u00e1d Complutense de Madrid und der Heinrich-Heine-Universit\u00e4t D\u00fcsseldorf und ist mit Tilman Ezra M\u00fchlenberg Gr\u00fcndungsmitglied des IFZ International. Auf der Suche nach der Entstehung der Zahl und nach den Epistemen [&hellip;]<\/p>\n","protected":false},"author":1,"featured_media":0,"parent":0,"menu_order":0,"comment_status":"closed","ping_status":"closed","template":"","meta":{"footnotes":""},"class_list":["post-94","page","type-page","status-publish","hentry"],"_links":{"self":[{"href":"http:\/\/www.ifz-international.de\/index.php?rest_route=\/wp\/v2\/pages\/94"}],"collection":[{"href":"http:\/\/www.ifz-international.de\/index.php?rest_route=\/wp\/v2\/pages"}],"about":[{"href":"http:\/\/www.ifz-international.de\/index.php?rest_route=\/wp\/v2\/types\/page"}],"author":[{"embeddable":true,"href":"http:\/\/www.ifz-international.de\/index.php?rest_route=\/wp\/v2\/users\/1"}],"replies":[{"embeddable":true,"href":"http:\/\/www.ifz-international.de\/index.php?rest_route=%2Fwp%2Fv2%2Fcomments&post=94"}],"version-history":[{"count":56,"href":"http:\/\/www.ifz-international.de\/index.php?rest_route=\/wp\/v2\/pages\/94\/revisions"}],"predecessor-version":[{"id":1094,"href":"http:\/\/www.ifz-international.de\/index.php?rest_route=\/wp\/v2\/pages\/94\/revisions\/1094"}],"wp:attachment":[{"href":"http:\/\/www.ifz-international.de\/index.php?rest_route=%2Fwp%2Fv2%2Fmedia&parent=94"}],"curies":[{"name":"wp","href":"https:\/\/api.w.org\/{rel}","templated":true}]}}