{"id":610,"date":"2016-06-17T22:16:44","date_gmt":"2016-06-17T20:16:44","guid":{"rendered":"http:\/\/www.ifz-international.de\/?page_id=610"},"modified":"2016-06-20T14:47:11","modified_gmt":"2016-06-20T12:47:11","slug":"sfb","status":"publish","type":"page","link":"http:\/\/www.ifz-international.de\/?page_id=610","title":{"rendered":"Sonderforschung"},"content":{"rendered":"<p style=\"text-align: right;\">\u00a0\u201eDer Philosoph behandelt eine Frage; wie eine Krankheit.\u201c<br \/>\n<em>Ludwig Wittgenstein, Philosophische Untersuchungen, \u00a7255<\/em><\/p>\n<p style=\"text-align: right;\">\u201e\u2026das Versicherungswesen selbst interessiert mich sehr\u2026\u201c<br \/>\n<em> Franz Kafka, Brief an Hedwich W., Prag, Anfang Oktober 1907<\/em><\/p>\n<p><a href=\"http:\/\/www.ifz-international.de\/wp-content\/uploads\/2016\/06\/Logo-SFB1.jpg\"><img loading=\"lazy\" decoding=\"async\" class=\"size-full wp-image-636 alignleft\" alt=\"Logo SFB\" src=\"http:\/\/www.ifz-international.de\/wp-content\/uploads\/2016\/06\/Logo-SFB1.jpg\" width=\"300\" height=\"145\" srcset=\"http:\/\/www.ifz-international.de\/wp-content\/uploads\/2016\/06\/Logo-SFB1.jpg 1260w, http:\/\/www.ifz-international.de\/wp-content\/uploads\/2016\/06\/Logo-SFB1-300x145.jpg 300w, http:\/\/www.ifz-international.de\/wp-content\/uploads\/2016\/06\/Logo-SFB1-1024x498.jpg 1024w\" sizes=\"(max-width: 300px) 100vw, 300px\" \/><\/a><\/p>\n<p>&nbsp;<\/p>\n<p>&nbsp;<\/p>\n<p>&nbsp;<\/p>\n<p>&nbsp;<\/p>\n<p>&nbsp;<\/p>\n<p><strong>SFB001 \u201cThomas Temme\u201d:<br \/>\n<\/strong><strong>GESUNDES WISSEN UND KRANKES<\/strong><\/p>\n<p>Mit der Etablierung des SFB001 \u201cThomas Temme\u201c geht das Institut f\u00fcr Zeitgenossenschaft IFZ nach der erfolgreichen Integrierung der Viertmittelforschung in sein Forschungsprojekt <a title=\"Die 100 wichtigsten Dinge\" href=\"http:\/\/www.ifz-international.de\/?page_id=39\" target=\"_blank\">Die 100 wichtigsten Dinge<\/a>\u00a0erneut neue Wege der Wissenschaftsfinanzierung. Der SFB001 ist innerhalb der Privatmittelforschung der unumstritten privateste Sonderforschungsbereich, der jemals ins Leben gerufen wurde.<\/p>\n<p dir=\"ltr\"><strong>Forschungsfrage<br \/>\n<\/strong><\/p>\n<p dir=\"ltr\">Der SFB001 ist eine auf 6 Monate angelegte Forschungseinrichtung, die es sich zur Aufgabe macht, das Spannungsfeld von gesundem und krankem Wissen zu ergr\u00fcnden. Das Institut f\u00fcr Zeitgenossenschaft IFZ geht bei seinem Forschungsvorhaben davon aus, dass eine bisher weitestgehend unbemerkte Auseinandersetzung mit der Dichotomie aus gesundem und krankem Wissen in Philosophie und Literatur bis in die Antike zur\u00fcckzuverfolgen ist.\u00a0\u00a0In zahlreichen Beispielen l\u00e4sst sich der Glaube verorten, dass bestimmtes Wissen krank, anderes wiederum gesund mache oder dass ein bestimmter krankheitsbedingter k\u00f6rperlicher Zustand besonders f\u00f6rderlich f\u00fcr existenzielles Denken sei.<\/p>\n<p dir=\"ltr\"><strong>Ziele<\/strong><\/p>\n<p dir=\"ltr\">In einem ersten Schritt soll es in diesem Kontext um das Herausarbeiten eines Zusammenhangs zwischen bestimmten Denkfiguren und sehr spezifisch an dieses Denken gekn\u00fcpfte Krankheiten gehen. Kulturgeschichtlich l\u00e4sst sich bei einer Vielzahl von Autoren und Philosophen ein ebensolcher Zusammenhang zwischen Krankheit und theoretischer Arbeit, zwischen Gesundheit und konzeptuellem Denken herstellen. Die von Ludwig Wittgenstein formulierte Auffassung, dass bestimmte Probleme und Fragen wie Krankheiten erforscht werden k\u00f6nnen, l\u00e4sst sich \u2013 so eine These des IFZ \u2013 auch umkehren: bestimmte Krankheiten sollten wie philosophische Fragen erforscht werden.\u00a0Ein solcherart krankes Wissen ist bis heute weitgehend unerforscht, geschweige denn als Problem gel\u00f6st. Wom\u00f6glich sind bestimmte Krankheiten der Denkenden letztlich nichts anderes als Fragen, die niemals gel\u00f6st, sondern nur zum mehr oder weniger heilenden Verschwinden gebracht werden k\u00f6nnen. Das Institut f\u00fcr Zeitgenossenschaft IFZ erhofft sich, mit den Erkenntnissen aus diesem Forschungsprojekt auch einen entscheidenden Beitrag zu aktuellen Debatten um Risikoabsch\u00e4tzung f\u00fcr Erkrankungen und die Bedeutung des Solidarprinzips liefern zu k\u00f6nnen.<\/p>\n<p><b>Methode<\/b><\/p>\n<p>Neben der klassischen Recherche und Textarbeit besteht die zeitgenossenschaftliche Methode vor allem auch darin,\u00a0abseits der herk\u00f6mmlichen Forschungsterritorien und jenseits der akademischen B\u00fcrokratie und Verwaltung Partner zu finden, die aufgrund ihrer T\u00e4tigkeiten in anderen sozialen, \u00f6konomischen und administrativen Bereichen ein Wissen mit sich bringen, das der Wissenschaft zumeist verschlossen bleibt und somit zu oft keinen Weg in geisteswissenschaftliche Thesenbildung findet.\u00a0Diese den theoretischen Horizont erweiternden Ankn\u00fcpfungspunkte umfassen, dem Thema geschuldet, zun\u00e4chst das gesamte Spektrum der Gesundheitssph\u00e4re, der medizinischen Versorgung oder der Pflege. In der speziellen Ausrichtung dieser Privatmittelforschung finden die Forschungsfeldkonturierung und somit der Erkenntnisfortschritt zudem und wesentlich stets im engen Austausch mit dem F\u00f6rderer Thomas Temme statt, dessen Curriculum und berufliche Kenntnisse, allt\u00e4gliche Erfahrungen\u00a0und Perspektiven den Blick f\u00fcr die Verschriftlichung dieses Vorhabens und das finale Ergebnis entscheidend sch\u00e4rfen werden.<\/p>\n<p>&nbsp;<\/p>\n","protected":false},"excerpt":{"rendered":"<p>\u00a0\u201eDer Philosoph behandelt eine Frage; wie eine Krankheit.\u201c Ludwig Wittgenstein, Philosophische Untersuchungen, \u00a7255 \u201e\u2026das Versicherungswesen selbst interessiert mich sehr\u2026\u201c Franz Kafka, Brief an Hedwich W., Prag, Anfang Oktober 1907 &nbsp; &nbsp; &nbsp; &nbsp; &nbsp; SFB001 \u201cThomas Temme\u201d: GESUNDES WISSEN UND KRANKES Mit der Etablierung des SFB001 \u201cThomas Temme\u201c geht das Institut f\u00fcr Zeitgenossenschaft IFZ nach [&hellip;]<\/p>\n","protected":false},"author":1,"featured_media":0,"parent":0,"menu_order":6,"comment_status":"closed","ping_status":"open","template":"","meta":{"footnotes":""},"class_list":["post-610","page","type-page","status-publish","hentry"],"_links":{"self":[{"href":"http:\/\/www.ifz-international.de\/index.php?rest_route=\/wp\/v2\/pages\/610"}],"collection":[{"href":"http:\/\/www.ifz-international.de\/index.php?rest_route=\/wp\/v2\/pages"}],"about":[{"href":"http:\/\/www.ifz-international.de\/index.php?rest_route=\/wp\/v2\/types\/page"}],"author":[{"embeddable":true,"href":"http:\/\/www.ifz-international.de\/index.php?rest_route=\/wp\/v2\/users\/1"}],"replies":[{"embeddable":true,"href":"http:\/\/www.ifz-international.de\/index.php?rest_route=%2Fwp%2Fv2%2Fcomments&post=610"}],"version-history":[{"count":70,"href":"http:\/\/www.ifz-international.de\/index.php?rest_route=\/wp\/v2\/pages\/610\/revisions"}],"predecessor-version":[{"id":624,"href":"http:\/\/www.ifz-international.de\/index.php?rest_route=\/wp\/v2\/pages\/610\/revisions\/624"}],"wp:attachment":[{"href":"http:\/\/www.ifz-international.de\/index.php?rest_route=%2Fwp%2Fv2%2Fmedia&parent=610"}],"curies":[{"name":"wp","href":"https:\/\/api.w.org\/{rel}","templated":true}]}}