{"id":363,"date":"2013-02-27T13:20:37","date_gmt":"2013-02-27T11:20:37","guid":{"rendered":"http:\/\/www.ifz-international.de\/?page_id=363"},"modified":"2013-02-27T13:43:27","modified_gmt":"2013-02-27T11:43:27","slug":"die-100-wichtigsten-dinge-publikation","status":"publish","type":"page","link":"http:\/\/www.ifz-international.de\/?page_id=363","title":{"rendered":"Die 100 wichtigsten Dinge &#8211; Publikation"},"content":{"rendered":"<p><strong><a href=\"http:\/\/www.institutfuerzeitgenossenschaft.de\/wp-content\/uploads\/2013\/02\/ifz_tablette_mischalorenz_01.jpg\"><img decoding=\"async\" alt=\"ifz_tablette_mischalorenz_01\" src=\"http:\/\/www.institutfuerzeitgenossenschaft.de\/wp-content\/uploads\/2013\/02\/ifz_tablette_mischalorenz_01.jpg\" width=\"349\" \/><\/a><a href=\"http:\/\/www.institutfuerzeitgenossenschaft.de\/wp-content\/uploads\/2013\/02\/ifz_tablette_mischalorenz_02.jpg\"><img decoding=\"async\" alt=\"ifz_tablette_mischalorenz_02\" src=\"http:\/\/www.institutfuerzeitgenossenschaft.de\/wp-content\/uploads\/2013\/02\/ifz_tablette_mischalorenz_02.jpg\" width=\"349\" \/><\/a><\/strong><br \/>\n<a href=\"http:\/\/www.institutfuerzeitgenossenschaft.de\/wp-content\/uploads\/2013\/02\/ifz_getraenk_mischalorenz_01.jpg\"><img decoding=\"async\" alt=\"ifz_getraenk_mischalorenz_01\" src=\"http:\/\/www.institutfuerzeitgenossenschaft.de\/wp-content\/uploads\/2013\/02\/ifz_getraenk_mischalorenz_01.jpg\" width=\"349\" \/><\/a><a href=\"http:\/\/www.institutfuerzeitgenossenschaft.de\/wp-content\/uploads\/2013\/02\/ifz_getraenk_mischalorenz_02.jpg\"><img decoding=\"async\" alt=\"ifz_getraenk_mischalorenz_02\" src=\"http:\/\/www.institutfuerzeitgenossenschaft.de\/wp-content\/uploads\/2013\/02\/ifz_getraenk_mischalorenz_02.jpg\" width=\"349\" \/><\/a><br \/>\n<a href=\"http:\/\/www.institutfuerzeitgenossenschaft.de\/wp-content\/uploads\/2013\/02\/ifz_draht_mischalorenz_01.jpg\"><img decoding=\"async\" alt=\"ifz_draht_mischalorenz_01\" src=\"http:\/\/www.institutfuerzeitgenossenschaft.de\/wp-content\/uploads\/2013\/02\/ifz_draht_mischalorenz_01.jpg\" width=\"349\" \/><\/a><a href=\"http:\/\/www.institutfuerzeitgenossenschaft.de\/wp-content\/uploads\/2013\/02\/ifz_draht_mischalorenz_02.jpg\"><img decoding=\"async\" alt=\"ifz_draht_mischalorenz_02\" src=\"http:\/\/www.institutfuerzeitgenossenschaft.de\/wp-content\/uploads\/2013\/02\/ifz_draht_mischalorenz_02.jpg\" width=\"349\" \/><\/a><br \/>\n<a href=\"http:\/\/www.institutfuerzeitgenossenschaft.de\/wp-content\/uploads\/2013\/02\/ifz_fernglas_mischalorenz_01.jpg\"><img decoding=\"async\" alt=\"ifz_fernglas_mischalorenz_01\" src=\"http:\/\/www.institutfuerzeitgenossenschaft.de\/wp-content\/uploads\/2013\/02\/ifz_fernglas_mischalorenz_01.jpg\" width=\"349\" \/><\/a><a href=\"http:\/\/www.institutfuerzeitgenossenschaft.de\/wp-content\/uploads\/2013\/02\/ifz_fernglas_mischalorenz_02.jpg\"><img decoding=\"async\" alt=\"ifz_fernglas_mischalorenz_02\" src=\"http:\/\/www.institutfuerzeitgenossenschaft.de\/wp-content\/uploads\/2013\/02\/ifz_fernglas_mischalorenz_02.jpg\" width=\"349\" \/><\/a><br \/>\n<a href=\"http:\/\/www.institutfuerzeitgenossenschaft.de\/wp-content\/uploads\/2013\/02\/ifz_stempel_mischalorenz_01.jpg\"><img decoding=\"async\" alt=\"ifz_stempel_mischalorenz_01\" src=\"http:\/\/www.institutfuerzeitgenossenschaft.de\/wp-content\/uploads\/2013\/02\/ifz_stempel_mischalorenz_01.jpg\" width=\"349\" \/><\/a><a href=\"http:\/\/www.institutfuerzeitgenossenschaft.de\/wp-content\/uploads\/2013\/02\/ifz_stempel_mischalorenz_02.jpg\"><img decoding=\"async\" alt=\"ifz_stempel_mischalorenz_02\" src=\"http:\/\/www.institutfuerzeitgenossenschaft.de\/wp-content\/uploads\/2013\/02\/ifz_stempel_mischalorenz_02.jpg\" width=\"349\" \/><\/a><br \/>\n<a href=\"http:\/\/www.institutfuerzeitgenossenschaft.de\/wp-content\/uploads\/2013\/02\/ifz_wuerfel_mischalorenz_01.jpg\"><img decoding=\"async\" alt=\"ifz_wuerfel_mischalorenz_01\" src=\"http:\/\/www.institutfuerzeitgenossenschaft.de\/wp-content\/uploads\/2013\/02\/ifz_wuerfel_mischalorenz_01.jpg\" width=\"349\" \/><\/a><a href=\"http:\/\/www.institutfuerzeitgenossenschaft.de\/wp-content\/uploads\/2013\/02\/ifz_wuerfel_mischalorenz_02.jpg\"><img decoding=\"async\" alt=\"ifz_wuerfel_mischalorenz_02\" src=\"http:\/\/www.institutfuerzeitgenossenschaft.de\/wp-content\/uploads\/2013\/02\/ifz_wuerfel_mischalorenz_02.jpg\" width=\"349\" \/><\/a><br \/>\n<a href=\"http:\/\/www.institutfuerzeitgenossenschaft.de\/wp-content\/uploads\/2013\/02\/ifz_ball_mischalorenz_01.jpg\"><img decoding=\"async\" alt=\"ifz_ball_mischalorenz_01\" src=\"http:\/\/www.institutfuerzeitgenossenschaft.de\/wp-content\/uploads\/2013\/02\/ifz_ball_mischalorenz_01.jpg\" width=\"349\" \/><\/a><a href=\"http:\/\/www.institutfuerzeitgenossenschaft.de\/wp-content\/uploads\/2013\/02\/ifz_ball_mischalorenz_02.jpg\"><img decoding=\"async\" alt=\"ifz_ball_mischalorenz_02\" src=\"http:\/\/www.institutfuerzeitgenossenschaft.de\/wp-content\/uploads\/2013\/02\/ifz_ball_mischalorenz_02.jpg\" width=\"349\" \/><\/a><br \/>\n<a href=\"http:\/\/www.institutfuerzeitgenossenschaft.de\/wp-content\/uploads\/2013\/02\/ifz_serviette_mischalorenz_01.jpg\"><img decoding=\"async\" alt=\"ifz_serviette_mischalorenz_01\" src=\"http:\/\/www.institutfuerzeitgenossenschaft.de\/wp-content\/uploads\/2013\/02\/ifz_serviette_mischalorenz_01.jpg\" width=\"349\" \/><\/a><a href=\"http:\/\/www.institutfuerzeitgenossenschaft.de\/wp-content\/uploads\/2013\/02\/ifz_serviette_mischalorenz_02.jpg\"><img decoding=\"async\" alt=\"ifz_serviette_mischalorenz_02\" src=\"http:\/\/www.institutfuerzeitgenossenschaft.de\/wp-content\/uploads\/2013\/02\/ifz_serviette_mischalorenz_02.jpg\" width=\"349\" \/><\/a><br \/>\n<a href=\"http:\/\/www.institutfuerzeitgenossenschaft.de\/wp-content\/uploads\/2013\/02\/ifz_katalog_mischalorenz_01.jpg\"><img decoding=\"async\" alt=\"ifz_katalog_mischalorenz_01\" src=\"http:\/\/www.institutfuerzeitgenossenschaft.de\/wp-content\/uploads\/2013\/02\/ifz_katalog_mischalorenz_01.jpg\" width=\"349\" \/><\/a><a href=\"http:\/\/www.institutfuerzeitgenossenschaft.de\/wp-content\/uploads\/2013\/02\/ifz_katalog_mischalorenz_02.jpg\"><img decoding=\"async\" alt=\"ifz_katalog_mischalorenz_02\" src=\"http:\/\/www.institutfuerzeitgenossenschaft.de\/wp-content\/uploads\/2013\/02\/ifz_katalog_mischalorenz_02.jpg\" width=\"349\" \/><\/a><br \/>\n<a href=\"http:\/\/www.institutfuerzeitgenossenschaft.de\/wp-content\/uploads\/2013\/02\/ifz_container_mischalorenz_01.jpg\"><img decoding=\"async\" alt=\"ifz_container_mischalorenz_01\" src=\"http:\/\/www.institutfuerzeitgenossenschaft.de\/wp-content\/uploads\/2013\/02\/ifz_container_mischalorenz_01.jpg\" width=\"349\" \/><\/a><a href=\"http:\/\/www.institutfuerzeitgenossenschaft.de\/wp-content\/uploads\/2013\/02\/ifz_container_mischalorenz_02.jpg\"><img decoding=\"async\" alt=\"ifz_container_mischalorenz_02\" src=\"http:\/\/www.institutfuerzeitgenossenschaft.de\/wp-content\/uploads\/2013\/02\/ifz_container_mischalorenz_02.jpg\" width=\"349\" \/><\/a><br \/>\n<a href=\"http:\/\/www.institutfuerzeitgenossenschaft.de\/wp-content\/uploads\/2013\/02\/ifz_haufen_mischalorenz_01.jpg\"><img decoding=\"async\" alt=\"ifz_haufen_mischalorenz_01\" src=\"http:\/\/www.institutfuerzeitgenossenschaft.de\/wp-content\/uploads\/2013\/02\/ifz_haufen_mischalorenz_01.jpg\" width=\"349\" \/><\/a><a href=\"http:\/\/www.institutfuerzeitgenossenschaft.de\/wp-content\/uploads\/2013\/02\/ifz_haufen_mischalorenz_02.jpg\"><img decoding=\"async\" alt=\"ifz_haufen_mischalorenz_02\" src=\"http:\/\/www.institutfuerzeitgenossenschaft.de\/wp-content\/uploads\/2013\/02\/ifz_haufen_mischalorenz_02.jpg\" width=\"349\" \/><\/a><br \/>\n<a href=\"http:\/\/www.institutfuerzeitgenossenschaft.de\/wp-content\/uploads\/2013\/02\/ifz_schaum_mischalorenz_01.jpg\"><img decoding=\"async\" alt=\"ifz_schaum_mischalorenz_01\" src=\"http:\/\/www.institutfuerzeitgenossenschaft.de\/wp-content\/uploads\/2013\/02\/ifz_schaum_mischalorenz_01.jpg\" width=\"349\" \/><\/a><a href=\"http:\/\/www.institutfuerzeitgenossenschaft.de\/wp-content\/uploads\/2013\/02\/ifz_schaum_mischalorenz_02-Kopie1.jpg\"><img decoding=\"async\" alt=\"ifz_schaum_mischalorenz_02\" src=\"http:\/\/www.institutfuerzeitgenossenschaft.de\/wp-content\/uploads\/2013\/02\/ifz_schaum_mischalorenz_02-Kopie1.jpg\" width=\"349\" \/><\/a><br \/>\n<a href=\"http:\/\/www.institutfuerzeitgenossenschaft.de\/wp-content\/uploads\/2013\/02\/ifz_hoehle_mischalorenz_01.jpg\"><img decoding=\"async\" alt=\"ifz_hoehle_mischalorenz_01\" src=\"http:\/\/www.institutfuerzeitgenossenschaft.de\/wp-content\/uploads\/2013\/02\/ifz_hoehle_mischalorenz_01.jpg\" width=\"349\" \/><\/a><a href=\"http:\/\/www.institutfuerzeitgenossenschaft.de\/wp-content\/uploads\/2013\/02\/ifz_hoehle_mischalorenz_02.jpg\"><img decoding=\"async\" alt=\"ifz_hoehle_mischalorenz_02\" src=\"http:\/\/www.institutfuerzeitgenossenschaft.de\/wp-content\/uploads\/2013\/02\/ifz_hoehle_mischalorenz_02.jpg\" width=\"349\" \/><\/a><br \/>\n<a href=\"http:\/\/www.institutfuerzeitgenossenschaft.de\/wp-content\/uploads\/2013\/02\/ifz_rahmen_mischalorenz_01.jpg\"><img decoding=\"async\" alt=\"ifz_rahmen_mischalorenz_01\" src=\"http:\/\/www.institutfuerzeitgenossenschaft.de\/wp-content\/uploads\/2013\/02\/ifz_rahmen_mischalorenz_01.jpg\" width=\"349\" \/><\/a><a href=\"http:\/\/www.institutfuerzeitgenossenschaft.de\/wp-content\/uploads\/2013\/02\/ifz_rahmen_mischalorenz_02.jpg\"><img decoding=\"async\" alt=\"ifz_rahmen_mischalorenz_02\" src=\"http:\/\/www.institutfuerzeitgenossenschaft.de\/wp-content\/uploads\/2013\/02\/ifz_rahmen_mischalorenz_02.jpg\" width=\"349\" \/><\/a><br \/>\n<a href=\"http:\/\/www.institutfuerzeitgenossenschaft.de\/wp-content\/uploads\/2013\/02\/ifz_boden_mischalorenz_01.jpg\"><img decoding=\"async\" alt=\"ifz_boden_mischalorenz_01\" src=\"http:\/\/www.institutfuerzeitgenossenschaft.de\/wp-content\/uploads\/2013\/02\/ifz_boden_mischalorenz_01.jpg\" width=\"349\" \/><\/a><a href=\"http:\/\/www.institutfuerzeitgenossenschaft.de\/wp-content\/uploads\/2013\/02\/ifz_boden_mischalorenz_02.jpg\"><img decoding=\"async\" alt=\"ifz_boden_mischalorenz_02\" src=\"http:\/\/www.institutfuerzeitgenossenschaft.de\/wp-content\/uploads\/2013\/02\/ifz_boden_mischalorenz_02.jpg\" width=\"349\" \/><\/a><\/p>\n<p><strong>Idee | Konzeption |\u00a0<\/strong><strong>Texte<\/strong>\u00a0Timon-Karl Kaleyta, Tilman Ezra M\u00fchlenberg, Andreas Potulski, Martin Schlesinger, Jerome Vazhayil<br \/>\n<strong>Fotos | Exhibition-Design | Plakat<\/strong>\u00a0Mischa Lorenz<br \/>\n<strong>Zeichnungen<\/strong>\u00a0Tobias Textor<br \/>\n<strong>Sprecher<\/strong>\u00a0Andreas Potulski<br \/>\n<strong>Gastautoren<\/strong>\u00a0Samira El Ouassil, Volker Panzer, Claudius Seidl et. al.<\/p>\n<p dir=\"ltr\">Aus welchen Dingen k\u00f6nnte die Welt nach ihrem Untergang vollst\u00e4ndig rekonstruiert werden? Welche 100 Dinge sind somit als die wichtigsten \u00fcberhaupt zu bezeichnen? In der ph\u00e4nomenologischen Installation und der gleichlautenden Publikation\u00a0<em>Die 100 Wichtigsten Dinge<\/em>\u00a0des Instituts f\u00fcr Zeitgenossenschaft (IFZ) wird ein Prinzip und eine eigenst\u00e4ndige Argumentation sichtbar, die sich, erstens, von einer schlichten Gegenst\u00e4ndlichkeit, zweitens, unterscheidet.<br \/>\n<b><br \/>\n<\/b>Mit Die 100 Wichtigsten Dinge er\u00f6ffnet, besetzt und erforscht das IFZ den kleinen, bisher vernachl\u00e4ssigten Sprach-, Denk- und Wissenskosmos, der knapp \u00fcber der Normalsprache und der dokumentarischen Darstellbarkeit der Welt sowie scharf unter der Begrifflichkeit und der abstrahierenden Visualisierungskultur theoretischer Weltanschauung zu verorten ist.<\/p>\n<p dir=\"ltr\">Zwischen konkreter Materialit\u00e4t und immaterieller Abstraktion wird nach dem \u00dcberdinglichen gesucht, das sich dem Stofflichen wie auch der Sprache entzieht und genau dadurch evident wird.<br \/>\nZwischen Ding und Deskription entsteht so die erste hinreichend ausf\u00fchrliche Enzyklop\u00e4die der Welt unter zeitgen\u00f6ssischen Bedingungen.<\/p>\n","protected":false},"excerpt":{"rendered":"<p>Idee | Konzeption |\u00a0Texte\u00a0Timon-Karl Kaleyta, Tilman Ezra M\u00fchlenberg, Andreas Potulski, Martin Schlesinger, Jerome Vazhayil Fotos | Exhibition-Design | Plakat\u00a0Mischa Lorenz Zeichnungen\u00a0Tobias Textor Sprecher\u00a0Andreas Potulski Gastautoren\u00a0Samira El Ouassil, Volker Panzer, Claudius Seidl et. al. Aus welchen Dingen k\u00f6nnte die Welt nach ihrem Untergang vollst\u00e4ndig rekonstruiert werden? Welche 100 Dinge sind somit als die wichtigsten \u00fcberhaupt zu [&hellip;]<\/p>\n","protected":false},"author":1,"featured_media":0,"parent":0,"menu_order":0,"comment_status":"closed","ping_status":"closed","template":"","meta":{"footnotes":""},"class_list":["post-363","page","type-page","status-publish","hentry"],"_links":{"self":[{"href":"http:\/\/www.ifz-international.de\/index.php?rest_route=\/wp\/v2\/pages\/363"}],"collection":[{"href":"http:\/\/www.ifz-international.de\/index.php?rest_route=\/wp\/v2\/pages"}],"about":[{"href":"http:\/\/www.ifz-international.de\/index.php?rest_route=\/wp\/v2\/types\/page"}],"author":[{"embeddable":true,"href":"http:\/\/www.ifz-international.de\/index.php?rest_route=\/wp\/v2\/users\/1"}],"replies":[{"embeddable":true,"href":"http:\/\/www.ifz-international.de\/index.php?rest_route=%2Fwp%2Fv2%2Fcomments&post=363"}],"version-history":[{"count":4,"href":"http:\/\/www.ifz-international.de\/index.php?rest_route=\/wp\/v2\/pages\/363\/revisions"}],"predecessor-version":[{"id":365,"href":"http:\/\/www.ifz-international.de\/index.php?rest_route=\/wp\/v2\/pages\/363\/revisions\/365"}],"wp:attachment":[{"href":"http:\/\/www.ifz-international.de\/index.php?rest_route=%2Fwp%2Fv2%2Fmedia&parent=363"}],"curies":[{"name":"wp","href":"https:\/\/api.w.org\/{rel}","templated":true}]}}