{"id":348,"date":"2013-02-24T17:29:39","date_gmt":"2013-02-24T15:29:39","guid":{"rendered":"http:\/\/www.ifz-international.de\/?page_id=348"},"modified":"2021-05-23T01:12:30","modified_gmt":"2021-05-22T23:12:30","slug":"ausstellungen","status":"publish","type":"page","link":"http:\/\/www.ifz-international.de\/?page_id=348","title":{"rendered":"Ausstellungen"},"content":{"rendered":"<p><strong>Aktuelle Ausstellung<\/strong><\/p>\n<p>Im M\u00e4rz\/April 2017 pr\u00e4sentierte das Kreismuseum Peine erstmals alle 100 wichtigsten Dinge in einem musealen Kontext. Hierbei waren jedoch nicht die Fotos der gleichnamigen Publikation, sondern die Dinge selbst zu sehen. \u2192\u00a0<a href=\"https:\/\/www.paz-online.de\/Stadt-Peine\/Kreismuseum-Die-100-wichtigsten-Dinge\" target=\"_blank\" rel=\"noopener noreferrer\">weitere Informationen<\/a><\/p>\n<p><img loading=\"lazy\" decoding=\"async\" class=\"alignleft\" src=\"http:\/\/www.ifz-international.de\/wp-content\/uploads\/2013\/02\/serviette-2.jpg\" alt=\"\" width=\"300\" height=\"300\" \/><br \/>\n<strong>Die 100 wichtigsten Dinge<\/strong><\/p>\n<p>Mit dem Publikationsprojekt <em>Die 100 Wichtigsten Dinge<\/em> verpflichtet sich das Institut f\u00fcr Zeitgenossenschaft im internationalen Kontext einem wissenschaftsaffinen Publikum. Vor der Ver\u00f6ffentlichung des Werkes, das sich im Erscheinen befindet, trat das IFZ erstmals 2012 im Museum Kunstpalast in D\u00fcsseldorf zun\u00e4chst mit einer ph\u00e4nomenologischen Installation an die \u00d6ffentlichkeit: In einer fotografischen, literarischen und performativen Relationierung von Dingen wird in einer methodischen Anordnung ein Prinzip oder eine eigenst\u00e4ndige Argumentation sichtbar, die sich einerseits einer schlichten Gegenst\u00e4ndlichkeit der Kunst und andererseits auch einer rein geisteswissenschaftlichen Erfassung der Dinge entzieht. Spekulation wie Kontemplation durchdringen den Raum, um Zeitgenossenschaft Platz zu machen. \u2192 <a href=\"http:\/\/www.ifz-international.de\/?page_id=158\">weitere Informationen<\/a><\/p>\n","protected":false},"excerpt":{"rendered":"<p>Aktuelle Ausstellung Im M\u00e4rz\/April 2017 pr\u00e4sentierte das Kreismuseum Peine erstmals alle 100 wichtigsten Dinge in einem musealen Kontext. Hierbei waren jedoch nicht die Fotos der gleichnamigen Publikation, sondern die Dinge selbst zu sehen. \u2192\u00a0weitere Informationen Die 100 wichtigsten Dinge Mit dem Publikationsprojekt Die 100 Wichtigsten Dinge verpflichtet sich das Institut f\u00fcr Zeitgenossenschaft im internationalen Kontext [&hellip;]<\/p>\n","protected":false},"author":1,"featured_media":0,"parent":0,"menu_order":5,"comment_status":"closed","ping_status":"closed","template":"","meta":{"footnotes":""},"class_list":["post-348","page","type-page","status-publish","hentry"],"_links":{"self":[{"href":"http:\/\/www.ifz-international.de\/index.php?rest_route=\/wp\/v2\/pages\/348"}],"collection":[{"href":"http:\/\/www.ifz-international.de\/index.php?rest_route=\/wp\/v2\/pages"}],"about":[{"href":"http:\/\/www.ifz-international.de\/index.php?rest_route=\/wp\/v2\/types\/page"}],"author":[{"embeddable":true,"href":"http:\/\/www.ifz-international.de\/index.php?rest_route=\/wp\/v2\/users\/1"}],"replies":[{"embeddable":true,"href":"http:\/\/www.ifz-international.de\/index.php?rest_route=%2Fwp%2Fv2%2Fcomments&post=348"}],"version-history":[{"count":17,"href":"http:\/\/www.ifz-international.de\/index.php?rest_route=\/wp\/v2\/pages\/348\/revisions"}],"predecessor-version":[{"id":1023,"href":"http:\/\/www.ifz-international.de\/index.php?rest_route=\/wp\/v2\/pages\/348\/revisions\/1023"}],"wp:attachment":[{"href":"http:\/\/www.ifz-international.de\/index.php?rest_route=%2Fwp%2Fv2%2Fmedia&parent=348"}],"curies":[{"name":"wp","href":"https:\/\/api.w.org\/{rel}","templated":true}]}}